{"id":663,"date":"2014-05-31T10:30:49","date_gmt":"2014-05-31T09:30:49","guid":{"rendered":"http:\/\/www.scherzoeditions.com\/webshop\/?post_type=product&#038;p=663"},"modified":"2015-10-24T17:02:05","modified_gmt":"2015-10-24T16:02:05","slug":"musica-de-andre-santos-mikroduo","status":"publish","type":"product","link":"https:\/\/www.scherzoeditions.com\/webshop\/shop\/musica-de-andre-santos-mikroduo\/","title":{"rendered":"M\u00fasica de Andr\u00e9 Santos | MikroDuo"},"content":{"rendered":"<p><strong>Pedro Lu\u00eds<\/strong>\u00a0(classical guitar)<br \/>\n<strong>Miguel Vieira da Silva<\/strong>\u00a0(classical guitar)<\/p>\n<p><strong>Andr\u00e9 M. Santos<\/strong>\u00a0(composition &amp; production)<\/p>\n<p>Guests:<br \/>\n<strong>Ana Catarina Tom\u00e1s<\/strong>\u00a0(soprano)<br \/>\n<strong>Patrizio Castiglia<\/strong>\u00a0(violin)<br \/>\n<strong>Sandra Escovar<\/strong>\u00a0(violin)<br \/>\n<strong>Jo\u00e3o Carlos Barata<\/strong>\u00a0(viola)<br \/>\n<strong>Raquel Merrelho<\/strong>\u00a0(violoncello)<br \/>\n<strong>\u00d3scar Torres<\/strong>\u00a0(double bass)<br \/>\n<div class=\"languageswitcher single switch\" data-language=\"English\"><span class=\"arrow\">&#9658;<\/span><span class=\"language\">English<\/span><\/div>\n<div class=\"languageswitcher text\" data-language=\"English\"><strong>MikroDuo<\/strong><br \/>\nOur project began back in 2004 while having chamber music classes with professor Fernando Fontes in the <em>ESML &#8211; Escola Superior de M\u00fasica de Lisboa<\/em> (Lisbon). In the course of our training as musicians we were fortunate to attend masterclasses with guitarists such as Dejan Ivanovic, Joaquin Clerch, Mihalis Kontaxakis and Pi\u00f1eiro Nagy. During the master course we worked with Ricardo Gall\u00e9n.<br \/>\nSince then, our duo has performed in various countries (Portugal, Switzerland, Spain, Italy, Slovenia, Croatia and Russia) and we have collaborated with different artists, such as the Camerata Lysy, the European Union Chamber Orchestra, the Chamber Orchestra Kremlin and Pi\u00f1eiro Nagy, the latter in a project devoted to transcribing the music of Alb\u00e9niz and Granados. This project led us to play in 2011 and 2012 in the USA, China, Macau, Japan and Czech Republic.<br \/>\nDuring the last couple of years the composer Andr\u00e9 Santos has written several pieces for guitar to be played both solo and ensemble. Thrillingly, MikroDuo was chosen to perform, record and premier his work here presented. It was delightful for us to deeply penetrate into this young composer&#8217;s musical universe and we do hope that the final result reveals all of its singularity and lyricism.<br \/>\n<strong>Miguel Vieira da Silva<\/strong><br \/>\n.Born 1984, Lisbon<br \/>\n.1994\/2003 \u2013 Basic and secondary music course in the <em>Escola de M\u00fasica Nossa Senhora do Cabo<\/em>, with Paulo Galv\u00e3o and Carlos Gutkin<br \/>\n.2003\/2007 \u2013 Graduate studies in <em>ESML &#8211; Escola Superior de M\u00fasica de Lisboa<\/em>, Lisbon, with Pi\u00f1eiro Nagy<br \/>\n.2007\/2010 \u2013 Masters degree in <em>Universidad de Extremadura<\/em>, C\u00e1ceres, with Ricardo Gall\u00e9n<br \/>\n.Currently teaching in the <em>Escola de M\u00fasica Nossa Senhora do Cabo<\/em><br \/>\n<strong>Pedro Lu\u00eds<\/strong><br \/>\n.Born 1985, Set\u00fabal<br \/>\n.1994\/2003 \u2013 Basic and secondary music course in the <em>Academia de M\u00fasica e Belas Artes Lu\u00edsa Todi<\/em>, with Jo\u00e3o Trindade and Nuno Santos<br \/>\n.2003\/2007 \u2013 Graduate studies in <em>ESML &#8211; Escola Superior de M\u00fasica de Lisboa<\/em>, Lisbon, with Pi\u00f1eiro Nagy<br \/>\n.2007\/2010 \u2013 Master degree in <em>Universidad de Extremadura<\/em>, C\u00e1ceres, with Ricardo Gall\u00e9n<br \/>\n<strong>Andr\u00e9 M. Santos<\/strong><br \/>\nBorn in Lisbon, November 1984.<br \/>\nAfter completing a degree in economics in the <em>Universidade Nova de Lisboa<\/em> (2006), he began in 2007 a degree in classical guitar in the <em>Escola Superior de M\u00fasica de Lisboa<\/em> with Pi\u00f1ero Nagy, and he completed his graduation in 2010 in the Seville\u2019s <em>Conservatorio Superior<\/em> under the guidance of Francisco Sanchez Bernier.<br \/>\nHe has also attended Flamenco Guitar classes with Oscar Herrero and Pedro J\u00f3ia.<br \/>\nThroughout his career he has already played with several artists such as Teresa Salgueiro (formerly from Madredeus), Mythos Orchestra from \u201c7 S\u00f3is 7 Luas\u201d (Musical director), M\u00edsia, and many other groups with whom he has performed in many different countries.<br \/>\nHe is a resident member of the Jury at the \u201cAlmada\u2019s Intervention Music National Competition\u201d since 2007. In 2011 he received the Young Talent award from the Almada municipality.<br \/>\nHe is currently finishing his degree in composition in the <em>E.S.M.L.<\/em> Ant\u00f3nio Pinho Vargas, Carlos Caires and Lu\u00eds Tinoco, with whom is currently studying, were his teachers all along the course.<br \/>\nHe is the guitar player of the group Melech Mechaya, Mano Quartet and Lisbon Guitar Quartet.<\/div>\n<div class=\"languageswitcher single switch\" data-language=\"Portugu\u00eas\"><span class=\"arrow\">&#9658;<\/span><span class=\"language\">Portugu\u00eas<\/span><\/div>\n<div class=\"languageswitcher text\" data-language=\"Portugu\u00eas\"><strong>MikroDuo<\/strong><br \/>\nO nosso projeto iniciou-se em 2004 nas aulas de m\u00fasica de c\u00e2mara com o professor Fernando Fontes na ESML &#8211; Escola Superior de M\u00fasica de Lisboa. Ao longo da nossa forma\u00e7\u00e3o tivemos a oportunidade de trabalhar, em master-class, com v\u00e1rios guitarristas, tais como o Dejan Ivanovic, Joaquin Clerch, Mihalis Kontaxakis e Pi\u00f1eiro Nagy. Durante o nosso curso de mestrado trabalh\u00e1mos com o guitarrista Ricardo Gall\u00e9n.<br \/>\nDesde ent\u00e3o, o nosso atuou em v\u00e1rios pa\u00edses (Portugal, Sui\u00e7a, Espanha, It\u00e1lia, Eslov\u00e9nia, Cro\u00e1cia e R\u00fassia) e colabor\u00e1mos com diversos artistas e agrupamentos musicais, tais como a Camerata Lysy, a Orquestra de C\u00e2mara da Uni\u00e3o Europeia, a Orquestra de C\u00e2mara de Kremlin e Pi\u00f1eiro Nagy, este \u00faltimo num projeto baseado na transcri\u00e7\u00e3o de obras de Alb\u00e9niz e Granados. Este projeto permitiu-nos atuar, entre 2011 e 2012, nos Estados Unidos da Am\u00e9rica, China, Macau, Jap\u00e3o e Rep\u00fablica Checa.<br \/>\nNos \u00faltimos anos o compositor Andr\u00e9 Santos escreveu uma s\u00e9rie de obras para guitarra, tanto solo como em ensemble. Felizmente, fomos escolhidos pelo Andr\u00e9 para interpretar, gravar e estrear as obras que apresentamos neste CD. Foi um prazer para n\u00f3s poder mergulhar no universo musical do compositor e esperamos que o resultado final reflita toda a sua originalidade e lirismo.<br \/>\n<strong>Miguel Vieira da Silva<\/strong><br \/>\n.1984, Lisboa<br \/>\n.1994\/2003 \u2013 Cursos b\u00e1sico e secund\u00e1rio de m\u00fasica na Escola de M\u00fasica Nossa Senhora do Cabo, com os professores Paulo Galv\u00e3o e Carlos Gutkin<br \/>\n.2003\/2007 \u2013 Curso de Licenciatura na ESML &#8211; Escola Superior de M\u00fasica de Lisboa, com Pi\u00f1eiro Nagy<br \/>\n.2007\/2010 \u2013 Curso de Mestrado na <em>Universidad de Extremadura<\/em>, C\u00e1ceres, com Ricardo Gall\u00e9n<br \/>\n.Atualmente leciona na Escola de M\u00fasica Nossa Senhora do Cabo<br \/>\n<strong>Pedro Lu\u00eds<\/strong><br \/>\n.1985, Set\u00fabal<br \/>\n.1994\/2003 \u2013 Cursos b\u00e1sico e secund\u00e1rio de m\u00fasica na Academia de M\u00fasica e Belas Artes Lu\u00edsa Todi, com os professores Jo\u00e3o Trindade e Nuno Santos<br \/>\n.2003\/2007 \u2013 Curso de Licenciatura na ESML &#8211; Escola Superior de M\u00fasica de Lisboa, com Pi\u00f1eiro Nagy<br \/>\n.2007\/2010 \u2013 Curso de Mestrado na <em>Universidad de Extremadura<\/em>, C\u00e1ceres, com Ricardo Gall\u00e9n<br \/>\n<strong>Andr\u00e9 M. Santos<\/strong><br \/>\nNasceu em Lisboa em Novembro de 1984.<br \/>\nAp\u00f3s ter terminado a licenciatura em economia pela Universidade Nova de Lisboa, iniciou em 2007 a licenciatura em guitarra cl\u00e1ssica na Escola Superior de M\u00fasica de Lisboa sob orienta\u00e7\u00e3o de Pi\u00f1ero Nagy e terminou o seu curso em 2010 no Conservat\u00f3rio Superior de Sevilha como aluno de Francisco Sanchez Bernier.<br \/>\nEstudou guitarra Flamenco com Oscar Herrero e Pedro J\u00f3ia.<br \/>\nAo longo da sua carreira tocou com diversos artistas como Teresa Salgueiro (Ex-Madredeus), foi director musical da Mythos Orquestra do festival \u201c7 S\u00f3is 7 Luas\u201d, M\u00edsia, entre outros muitos grupos com quem tocou em v\u00e1rios pa\u00edses do mundo.<br \/>\nFaz parte do corpo de J\u00fari residente do Concurso Nacional de M\u00fasica de Interven\u00e7\u00e3o de Almada desde 2007. Em 2011 recebeu o pr\u00e9mio de Jovem Talento pelo Munic\u00edpio de Almada.<br \/>\nActualmente est\u00e1 a terminar a licenciatura em composi\u00e7\u00e3o na E.S.M.L. Ant\u00f3nio Pinho Vargas, Carlos Caires e Lu\u00eds Tinoco, com quem estuda actualmente, foram todos seus professores ao longo do curso.<br \/>\nAndr\u00e9 M. Santos \u00e9 guitarrista dos grupos Melech Mechaya, Mano Quarteto e Quarteto de Guitarras de Lisboa.<\/div><\/p>\n<hr align=\"center\" width=\"550\" \/>\n<p><span style=\"font-size: small;\">Scherzo Editions-SE00001CD (May, 2014)<\/span><\/p>\n<p>Editing: <strong>Pedro Quaresma<\/strong><br \/>\nMixing: <strong>Telmo Lopes<\/strong><br \/>\nProduction: <strong>Andr\u00e9 M. Santos<\/strong><br \/>\nRecording:<br \/>\n<strong>David Pereira<\/strong> &#8220;Quadrazais&#8221;, Jul2013<br \/>\n<strong>S\u00e9rgio Milhano<\/strong> &#8220;As can\u00e7\u00f5es poss\u00edveis&#8221; Dec2013<br \/>\n<strong>S\u00e9rgio Milhano<\/strong> &#8220;O Sr. Yin e o Sr. Yang n\u00e3o se falam&#8221; Oct-Dec2013<br \/>\n<em>Convento dos Capuchos &amp; Pontozurca, Almada &#8211; Portugal<\/em><br \/>\nPoem translation: <strong>Vera Justino<\/strong><br \/>\nCover photo: <strong>Rui David<\/strong><br \/>\nArtwork: <strong>Miguel Ver\u00edssimo<\/strong><\/p>\n<p><strong>M\u00fasica de Andr\u00e9 Santos<\/strong><\/p>\n<p>01 &#8211; 04 : <strong> Quadrazais<\/strong><br \/>\n&#8230;&#8230;&#8230;01 : <strong> Jorna<\/strong> (2:16)<br \/>\n&#8230;&#8230;&#8230;02 : <strong> Esquilona do Eslafante<\/strong> (2:03)<br \/>\n&#8230;&#8230;&#8230;03 : <strong> Alipantes de Gevo<\/strong> (4:28)<br \/>\n&#8230;&#8230;&#8230;04 : <strong> Vunhe o Facho<\/strong> (2:22)<br \/>\n05 &#8211; 09 : <strong> As can\u00e7\u00f5es poss\u00edveis<\/strong> (poems by Jos\u00e9 Saramago)<br \/>\n&#8230;&#8230;&#8230;05 : <strong> Pois o tempo n\u00e3o p\u00e1ra<\/strong> (2:05)<br \/>\n&#8230;&#8230;&#8230;06 : <strong> Intimidade<\/strong> (4:58)<br \/>\n&#8230;&#8230;&#8230;07 : <strong> Declara\u00e7\u00e3o<\/strong> (2:55)<br \/>\n&#8230;&#8230;&#8230;08 : <strong> Op\u00e7\u00e3o<\/strong> (3:00)<br \/>\n&#8230;&#8230;&#8230;09 : <strong> Demiss\u00e3o<\/strong> (1:17)<br \/>\n10 : <strong> O Sr. Yin e o Sr. Yang n\u00e3o se falam<\/strong> (11:14)<\/p>\n<p>Total playing time (36:38)<\/p>\n<p><iframe loading=\"lazy\" src=\"https:\/\/embed.spotify.com\/?uri=spotify:album:5xCeeKaIqDTr64AVpjqT4h\" width=\"789\" height=\"1000\" frameborder=\"0\" allowTransparency=\"true\"><\/iframe><br \/>\n\n<div style=\"width: 560px; max-width: 100%\">\n\t<div class=\"youtube-embed ye-container\" itemprop=\"video\" itemscope itemtype=\"https:\/\/schema.org\/VideoObject\">\n\t\t<meta itemprop=\"url\" content=\"https:\/\/www.youtube.com\/v\/1yt7Zwre-GI\" \/>\n\t\t<meta itemprop=\"name\" content=\"M\u00fasica de Andr\u00e9 Santos | MikroDuo\" \/>\n\t\t<meta itemprop=\"description\" content=\"M\u00fasica de Andr\u00e9 Santos | MikroDuo\" \/>\n\t\t<meta itemprop=\"uploadDate\" content=\"2014-05-31T10:30:49+01:00\" \/>\n\t\t<meta itemprop=\"thumbnailUrl\" content=\"https:\/\/i.ytimg.com\/vi\/1yt7Zwre-GI\/default.jpg\" \/>\n\t\t<meta itemprop=\"embedUrl\" content=\"https:\/\/www.youtube.com\/embed\/1yt7Zwre-GI\" \/>\n\t\t<meta itemprop=\"height\" content=\"340\" \/>\n\t\t<meta itemprop=\"width\" content=\"560\" \/>\n\t\t<iframe loading=\"lazy\" style=\"border: 0;\" class=\"youtube-player\" width=\"560\" height=\"340\" src=\"https:\/\/www.youtube.com\/embed\/1yt7Zwre-GI?modestbranding=1&fs=0&rel=0\"><\/iframe>\n\t<\/div>\n<\/div>\n<br \/>\n\n<div style=\"width: 560px; max-width: 100%\">\n\t<div class=\"youtube-embed ye-container\" itemprop=\"video\" itemscope itemtype=\"https:\/\/schema.org\/VideoObject\">\n\t\t<meta itemprop=\"url\" content=\"https:\/\/www.youtube.com\/v\/ITNsCjOB2xQ\" \/>\n\t\t<meta itemprop=\"name\" content=\"M\u00fasica de Andr\u00e9 Santos | MikroDuo\" \/>\n\t\t<meta itemprop=\"description\" content=\"M\u00fasica de Andr\u00e9 Santos | MikroDuo\" \/>\n\t\t<meta itemprop=\"uploadDate\" content=\"2014-05-31T10:30:49+01:00\" \/>\n\t\t<meta itemprop=\"thumbnailUrl\" content=\"https:\/\/i.ytimg.com\/vi\/ITNsCjOB2xQ\/default.jpg\" \/>\n\t\t<meta itemprop=\"embedUrl\" content=\"https:\/\/www.youtube.com\/embed\/ITNsCjOB2xQ\" \/>\n\t\t<meta itemprop=\"height\" content=\"340\" \/>\n\t\t<meta itemprop=\"width\" content=\"560\" \/>\n\t\t<iframe loading=\"lazy\" style=\"border: 0;\" class=\"youtube-player\" width=\"560\" height=\"340\" src=\"https:\/\/www.youtube.com\/embed\/ITNsCjOB2xQ?modestbranding=1&fs=0&rel=0\"><\/iframe>\n\t<\/div>\n<\/div>\n<br \/>\n\n<div style=\"width: 560px; max-width: 100%\">\n\t<div class=\"youtube-embed ye-container\" itemprop=\"video\" itemscope itemtype=\"https:\/\/schema.org\/VideoObject\">\n\t\t<meta itemprop=\"url\" content=\"https:\/\/www.youtube.com\/v\/rZBGW99vHEs\" \/>\n\t\t<meta itemprop=\"name\" content=\"M\u00fasica de Andr\u00e9 Santos | MikroDuo\" \/>\n\t\t<meta itemprop=\"description\" content=\"M\u00fasica de Andr\u00e9 Santos | MikroDuo\" \/>\n\t\t<meta itemprop=\"uploadDate\" content=\"2014-05-31T10:30:49+01:00\" \/>\n\t\t<meta itemprop=\"thumbnailUrl\" content=\"https:\/\/i.ytimg.com\/vi\/rZBGW99vHEs\/default.jpg\" \/>\n\t\t<meta itemprop=\"embedUrl\" content=\"https:\/\/www.youtube.com\/embed\/rZBGW99vHEs\" \/>\n\t\t<meta itemprop=\"height\" content=\"340\" \/>\n\t\t<meta itemprop=\"width\" content=\"560\" \/>\n\t\t<iframe loading=\"lazy\" style=\"border: 0;\" class=\"youtube-player\" width=\"560\" height=\"340\" src=\"https:\/\/www.youtube.com\/embed\/rZBGW99vHEs?modestbranding=1&fs=0&rel=0\"><\/iframe>\n\t<\/div>\n<\/div>\n<\/p>\n","protected":false},"excerpt":{"rendered":"<p>Pedro Lu\u00eds\u00a0(classical guitar) Miguel Vieira da Silva\u00a0(classical guitar) Andr\u00e9 M. Santos\u00a0(composition &amp; production) Guests: Ana Catarina Tom\u00e1s\u00a0(soprano) Patrizio Castiglia\u00a0(violin) Sandra Escovar\u00a0(violin) Jo\u00e3o Carlos Barata\u00a0(viola) Raquel Merrelho\u00a0(violoncello) \u00d3scar Torres\u00a0(double bass) &#9658;English MikroDuo Our project began back in 2004 while having chamber music classes with professor Fernando Fontes in the ESML &#8211; Escola Superior de M\u00fasica de [&hellip;]<\/p>\n","protected":false},"featured_media":664,"comment_status":"closed","ping_status":"closed","template":"","meta":{"_links_to":"","_links_to_target":""},"product_brand":[],"product_cat":[73],"product_tag":[],"class_list":{"0":"post-663","1":"product","2":"type-product","3":"status-publish","4":"has-post-thumbnail","6":"product_cat-cdsdvds","8":"first","9":"instock","10":"taxable","11":"shipping-taxable","12":"purchasable","13":"product-type-simple"},"_links":{"self":[{"href":"https:\/\/www.scherzoeditions.com\/webshop\/wp-json\/wp\/v2\/product\/663","targetHints":{"allow":["GET"]}}],"collection":[{"href":"https:\/\/www.scherzoeditions.com\/webshop\/wp-json\/wp\/v2\/product"}],"about":[{"href":"https:\/\/www.scherzoeditions.com\/webshop\/wp-json\/wp\/v2\/types\/product"}],"replies":[{"embeddable":true,"href":"https:\/\/www.scherzoeditions.com\/webshop\/wp-json\/wp\/v2\/comments?post=663"}],"wp:featuredmedia":[{"embeddable":true,"href":"https:\/\/www.scherzoeditions.com\/webshop\/wp-json\/wp\/v2\/media\/664"}],"wp:attachment":[{"href":"https:\/\/www.scherzoeditions.com\/webshop\/wp-json\/wp\/v2\/media?parent=663"}],"wp:term":[{"taxonomy":"product_brand","embeddable":true,"href":"https:\/\/www.scherzoeditions.com\/webshop\/wp-json\/wp\/v2\/product_brand?post=663"},{"taxonomy":"product_cat","embeddable":true,"href":"https:\/\/www.scherzoeditions.com\/webshop\/wp-json\/wp\/v2\/product_cat?post=663"},{"taxonomy":"product_tag","embeddable":true,"href":"https:\/\/www.scherzoeditions.com\/webshop\/wp-json\/wp\/v2\/product_tag?post=663"}],"curies":[{"name":"wp","href":"https:\/\/api.w.org\/{rel}","templated":true}]}}