{"id":625,"date":"2014-05-21T19:00:53","date_gmt":"2014-05-21T18:00:53","guid":{"rendered":"http:\/\/www.scherzoeditions.com\/webshop\/?post_type=product&#038;p=625"},"modified":"2025-03-17T09:34:11","modified_gmt":"2025-03-17T09:34:11","slug":"7-pecados-mortais-para-oboe-solo7-deadly-sins-for-oboe-solo-gl15-goncalo-lourenco","status":"publish","type":"product","link":"https:\/\/www.scherzoeditions.com\/webshop\/shop\/7-pecados-mortais-para-oboe-solo7-deadly-sins-for-oboe-solo-gl15-goncalo-lourenco\/","title":{"rendered":"GL 15 Obcaecatio, 7 Pecados Mortais para Obo\u00e9 solo\/7 Deadly Sins for Oboe solo | Gon\u00e7alo d&#8217;Alc\u00e2ntara Louren\u00e7o"},"content":{"rendered":"<h3>Obcaecatio, 7 Pecados Mortais para Obo\u00e9 solo\/7 Deadly Sins for Oboe solo, GL15<\/h3>\n<h3>Duration: ca. 6&#8242;<\/h3>\n<h3>Year: 2005<\/h3>\n<h3>Oboe<\/h3>\n<iframe loading=\"lazy\" width=\"100%\" height=\"450\" scrolling=\"no\" frameborder=\"no\" src=\"https:\/\/w.soundcloud.com\/player?url=https%3A%2F%2Fsoundcloud.com%2Fscherzoeditions%2Fobcaecatio-7-pecados-mortais7-deadly-sins-goncalo-lourenco&auto_play=false&show_comments=false&visual=true\"><\/iframe>\n","protected":false},"excerpt":{"rendered":"<p>Obcaecatio, 7 Pecados Mortais para Obo\u00e9 solo\/7 Deadly Sins for Oboe solo, GL15 Duration: ca. 6&#8242; Year: 2005 Oboe<\/p>\n","protected":false},"featured_media":1803,"comment_status":"closed","ping_status":"closed","template":"","meta":{"_links_to":"","_links_to_target":""},"product_brand":[],"product_cat":[48,46],"product_tag":[],"class_list":{"0":"post-625","1":"product","2":"type-product","3":"status-publish","4":"has-post-thumbnail","6":"product_cat-oboe","7":"product_cat-woodwinds","9":"first","10":"instock","11":"taxable","12":"shipping-taxable","13":"purchasable","14":"product-type-simple"},"_links":{"self":[{"href":"https:\/\/www.scherzoeditions.com\/webshop\/wp-json\/wp\/v2\/product\/625","targetHints":{"allow":["GET"]}}],"collection":[{"href":"https:\/\/www.scherzoeditions.com\/webshop\/wp-json\/wp\/v2\/product"}],"about":[{"href":"https:\/\/www.scherzoeditions.com\/webshop\/wp-json\/wp\/v2\/types\/product"}],"replies":[{"embeddable":true,"href":"https:\/\/www.scherzoeditions.com\/webshop\/wp-json\/wp\/v2\/comments?post=625"}],"wp:featuredmedia":[{"embeddable":true,"href":"https:\/\/www.scherzoeditions.com\/webshop\/wp-json\/wp\/v2\/media\/1803"}],"wp:attachment":[{"href":"https:\/\/www.scherzoeditions.com\/webshop\/wp-json\/wp\/v2\/media?parent=625"}],"wp:term":[{"taxonomy":"product_brand","embeddable":true,"href":"https:\/\/www.scherzoeditions.com\/webshop\/wp-json\/wp\/v2\/product_brand?post=625"},{"taxonomy":"product_cat","embeddable":true,"href":"https:\/\/www.scherzoeditions.com\/webshop\/wp-json\/wp\/v2\/product_cat?post=625"},{"taxonomy":"product_tag","embeddable":true,"href":"https:\/\/www.scherzoeditions.com\/webshop\/wp-json\/wp\/v2\/product_tag?post=625"}],"curies":[{"name":"wp","href":"https:\/\/api.w.org\/{rel}","templated":true}]}}