{"id":606,"date":"2014-04-23T19:12:16","date_gmt":"2014-04-23T18:12:16","guid":{"rendered":"http:\/\/www.scherzoeditions.com\/webshop\/?post_type=product&#038;p=606"},"modified":"2025-03-17T09:34:18","modified_gmt":"2025-03-17T09:34:18","slug":"clarinetando-for-clarinet-quartet-gl-30-goncalo-lourenco","status":"publish","type":"product","link":"https:\/\/www.scherzoeditions.com\/webshop\/shop\/clarinetando-for-clarinet-quartet-gl-30-goncalo-lourenco\/","title":{"rendered":"GL 30 Clarinetando for Clarinet Quartet | Gon\u00e7alo d&#8217;Alc\u00e2ntara Louren\u00e7o"},"content":{"rendered":"<h3>Clarinetando for Clarinet Quartet, GL 30<\/h3>\n<h3>Duration: ca. 8&#8242;<\/h3>\n<h3>Year: 2014<\/h3>\n<h3>2 Bb Clarinets|Alto Clarinet|Bass Clarinet<\/h3>\n\n<div style=\"width: 560px; max-width: 100%\">\n\t<div class=\"youtube-embed ye-container\" itemprop=\"video\" itemscope itemtype=\"https:\/\/schema.org\/VideoObject\">\n\t\t<meta itemprop=\"url\" content=\"https:\/\/www.youtube.com\/v\/cf42FjGnBxs\" \/>\n\t\t<meta itemprop=\"name\" content=\"GL 30 Clarinetando for Clarinet Quartet | Gon\u00e7alo d&#8217;Alc\u00e2ntara Louren\u00e7o\" \/>\n\t\t<meta itemprop=\"description\" content=\"GL 30 Clarinetando for Clarinet Quartet | Gon\u00e7alo d&#8217;Alc\u00e2ntara Louren\u00e7o\" \/>\n\t\t<meta itemprop=\"uploadDate\" content=\"2014-04-23T19:12:16+01:00\" \/>\n\t\t<meta itemprop=\"thumbnailUrl\" content=\"https:\/\/i.ytimg.com\/vi\/cf42FjGnBxs\/default.jpg\" \/>\n\t\t<meta itemprop=\"embedUrl\" content=\"https:\/\/www.youtube.com\/embed\/cf42FjGnBxs\" \/>\n\t\t<meta itemprop=\"height\" content=\"340\" \/>\n\t\t<meta itemprop=\"width\" content=\"560\" \/>\n\t\t<iframe loading=\"lazy\" style=\"border: 0;\" class=\"youtube-player\" width=\"560\" height=\"340\" src=\"https:\/\/www.youtube.com\/embed\/cf42FjGnBxs?modestbranding=1&fs=0&rel=0\"><\/iframe>\n\t<\/div>\n<\/div>\n\n","protected":false},"excerpt":{"rendered":"<p>Clarinetando for Clarinet Quartet, GL 30 Duration: ca. 8&#8242; Year: 2014 2 Bb Clarinets|Alto Clarinet|Bass Clarinet<\/p>\n","protected":false},"featured_media":1634,"comment_status":"closed","ping_status":"closed","template":"","meta":{"_links_to":"","_links_to_target":""},"product_brand":[],"product_cat":[45,42,49,46],"product_tag":[],"class_list":{"0":"post-606","1":"product","2":"type-product","3":"status-publish","4":"has-post-thumbnail","6":"product_cat-4-players","7":"product_cat-chamber-music","8":"product_cat-clarinet","9":"product_cat-woodwinds","11":"first","12":"instock","13":"taxable","14":"shipping-taxable","15":"purchasable","16":"product-type-simple"},"_links":{"self":[{"href":"https:\/\/www.scherzoeditions.com\/webshop\/wp-json\/wp\/v2\/product\/606","targetHints":{"allow":["GET"]}}],"collection":[{"href":"https:\/\/www.scherzoeditions.com\/webshop\/wp-json\/wp\/v2\/product"}],"about":[{"href":"https:\/\/www.scherzoeditions.com\/webshop\/wp-json\/wp\/v2\/types\/product"}],"replies":[{"embeddable":true,"href":"https:\/\/www.scherzoeditions.com\/webshop\/wp-json\/wp\/v2\/comments?post=606"}],"wp:featuredmedia":[{"embeddable":true,"href":"https:\/\/www.scherzoeditions.com\/webshop\/wp-json\/wp\/v2\/media\/1634"}],"wp:attachment":[{"href":"https:\/\/www.scherzoeditions.com\/webshop\/wp-json\/wp\/v2\/media?parent=606"}],"wp:term":[{"taxonomy":"product_brand","embeddable":true,"href":"https:\/\/www.scherzoeditions.com\/webshop\/wp-json\/wp\/v2\/product_brand?post=606"},{"taxonomy":"product_cat","embeddable":true,"href":"https:\/\/www.scherzoeditions.com\/webshop\/wp-json\/wp\/v2\/product_cat?post=606"},{"taxonomy":"product_tag","embeddable":true,"href":"https:\/\/www.scherzoeditions.com\/webshop\/wp-json\/wp\/v2\/product_tag?post=606"}],"curies":[{"name":"wp","href":"https:\/\/api.w.org\/{rel}","templated":true}]}}