{"id":475,"date":"2014-02-15T15:00:44","date_gmt":"2014-02-15T15:00:44","guid":{"rendered":"http:\/\/www.scherzoeditions.com\/webshop\/?post_type=product&#038;p=475"},"modified":"2025-01-11T16:50:55","modified_gmt":"2025-01-11T16:50:55","slug":"3-pequenas-pecas-para-piano-luis-lopo","status":"publish","type":"product","link":"https:\/\/www.scherzoeditions.com\/webshop\/shop\/3-pequenas-pecas-para-piano-luis-lopo\/","title":{"rendered":"3 Pequenas Pe\u00e7as para Piano | Lu\u00eds Lopo"},"content":{"rendered":"<h3>3 Pequenas Pe\u00e7as para Piano<\/h3>\n<h3>Dura\u00e7\u00e3o: ca. 3&#8242;<\/h3>\n<h3>Ano: 2013<\/h3>\n<p>&nbsp;<\/p>\n<h3>3 Short Pieces for Piano<\/h3>\n<h3>Duration: ca. 3&#8242;<\/h3>\n<h3>Year: 2013<\/h3>\n<p>&nbsp;<br \/>\n\n<div style=\"width: 560px; max-width: 100%\">\n\t<div class=\"youtube-embed ye-container\" itemprop=\"video\" itemscope itemtype=\"https:\/\/schema.org\/VideoObject\">\n\t\t<meta itemprop=\"url\" content=\"https:\/\/www.youtube.com\/v\/Bg3nP05QZMk\" \/>\n\t\t<meta itemprop=\"name\" content=\"3 Pequenas Pe\u00e7as para Piano | Lu\u00eds Lopo\" \/>\n\t\t<meta itemprop=\"description\" content=\"3 Pequenas Pe\u00e7as para Piano | Lu\u00eds Lopo\" \/>\n\t\t<meta itemprop=\"uploadDate\" content=\"2014-02-15T15:00:44+00:00\" \/>\n\t\t<meta itemprop=\"thumbnailUrl\" content=\"https:\/\/i.ytimg.com\/vi\/Bg3nP05QZMk\/default.jpg\" \/>\n\t\t<meta itemprop=\"embedUrl\" content=\"https:\/\/www.youtube.com\/embed\/Bg3nP05QZMk\" \/>\n\t\t<meta itemprop=\"height\" content=\"340\" \/>\n\t\t<meta itemprop=\"width\" content=\"560\" \/>\n\t\t<iframe loading=\"lazy\" style=\"border: 0;\" class=\"youtube-player\" width=\"560\" height=\"340\" src=\"https:\/\/www.youtube.com\/embed\/Bg3nP05QZMk?modestbranding=1&fs=0&rel=0\"><\/iframe>\n\t<\/div>\n<\/div>\n<\/p>\n","protected":false},"excerpt":{"rendered":"<p>3 Pequenas Pe\u00e7as para Piano Dura\u00e7\u00e3o: ca. 3&#8242; Ano: 2013 &nbsp; 3 Short Pieces for Piano Duration: ca. 3&#8242; Year: 2013 &nbsp;<\/p>\n","protected":false},"featured_media":1813,"comment_status":"closed","ping_status":"closed","template":"","meta":{"_links_to":"","_links_to_target":""},"product_brand":[],"product_cat":[60,61],"product_tag":[],"class_list":{"0":"post-475","1":"product","2":"type-product","3":"status-publish","4":"has-post-thumbnail","6":"product_cat-keyboards","7":"product_cat-piano","9":"first","10":"instock","11":"taxable","12":"shipping-taxable","13":"purchasable","14":"product-type-simple"},"_links":{"self":[{"href":"https:\/\/www.scherzoeditions.com\/webshop\/wp-json\/wp\/v2\/product\/475","targetHints":{"allow":["GET"]}}],"collection":[{"href":"https:\/\/www.scherzoeditions.com\/webshop\/wp-json\/wp\/v2\/product"}],"about":[{"href":"https:\/\/www.scherzoeditions.com\/webshop\/wp-json\/wp\/v2\/types\/product"}],"replies":[{"embeddable":true,"href":"https:\/\/www.scherzoeditions.com\/webshop\/wp-json\/wp\/v2\/comments?post=475"}],"wp:featuredmedia":[{"embeddable":true,"href":"https:\/\/www.scherzoeditions.com\/webshop\/wp-json\/wp\/v2\/media\/1813"}],"wp:attachment":[{"href":"https:\/\/www.scherzoeditions.com\/webshop\/wp-json\/wp\/v2\/media?parent=475"}],"wp:term":[{"taxonomy":"product_brand","embeddable":true,"href":"https:\/\/www.scherzoeditions.com\/webshop\/wp-json\/wp\/v2\/product_brand?post=475"},{"taxonomy":"product_cat","embeddable":true,"href":"https:\/\/www.scherzoeditions.com\/webshop\/wp-json\/wp\/v2\/product_cat?post=475"},{"taxonomy":"product_tag","embeddable":true,"href":"https:\/\/www.scherzoeditions.com\/webshop\/wp-json\/wp\/v2\/product_tag?post=475"}],"curies":[{"name":"wp","href":"https:\/\/api.w.org\/{rel}","templated":true}]}}