{"id":3818,"date":"2026-02-09T19:00:57","date_gmt":"2026-02-09T19:00:57","guid":{"rendered":"https:\/\/www.scherzoeditions.com\/webshop\/?post_type=product&#038;p=3818"},"modified":"2026-02-20T13:00:04","modified_gmt":"2026-02-20T13:00:04","slug":"gl-74-in-memoriam-manuel-cargaleirogoncalo-dalcantara-lourenco","status":"publish","type":"product","link":"https:\/\/www.scherzoeditions.com\/webshop\/shop\/gl-74-in-memoriam-manuel-cargaleirogoncalo-dalcantara-lourenco\/","title":{"rendered":"<strong>GL 74 In Memoriam Manuel Cargaleiro<\/strong><br\/>Gon\u00e7alo d&#8217;Alc\u00e2ntara Louren\u00e7o"},"content":{"rendered":"<p><strong>Duration: ca. 11&#8242; | Pages: 40 | Year: 2025<\/strong><\/p>\n<p>Dedicated to Lontano Trio<\/p>\n<p>\n<div style=\"width: 560px; max-width: 100%\">\n\t<div class=\"youtube-embed ye-container\" itemprop=\"video\" itemscope itemtype=\"https:\/\/schema.org\/VideoObject\">\n\t\t<meta itemprop=\"url\" content=\"https:\/\/www.youtube.com\/v\/I22y2vu0EBE\" \/>\n\t\t<meta itemprop=\"name\" content=\"<strong>GL 74 In Memoriam Manuel Cargaleiro<\/strong><br\/>Gon\u00e7alo d&#8217;Alc\u00e2ntara Louren\u00e7o\" \/>\n\t\t<meta itemprop=\"description\" content=\"<strong>GL 74 In Memoriam Manuel Cargaleiro<\/strong><br\/>Gon\u00e7alo d&#8217;Alc\u00e2ntara Louren\u00e7o\" \/>\n\t\t<meta itemprop=\"uploadDate\" content=\"2026-02-09T19:00:57+00:00\" \/>\n\t\t<meta itemprop=\"thumbnailUrl\" content=\"https:\/\/i.ytimg.com\/vi\/I22y2vu0EBE\/default.jpg\" \/>\n\t\t<meta itemprop=\"embedUrl\" content=\"https:\/\/www.youtube.com\/embed\/I22y2vu0EBE\" \/>\n\t\t<meta itemprop=\"height\" content=\"340\" \/>\n\t\t<meta itemprop=\"width\" content=\"560\" \/>\n\t\t<iframe loading=\"lazy\" style=\"border: 0;\" class=\"youtube-player\" width=\"560\" height=\"340\" src=\"https:\/\/www.youtube.com\/embed\/I22y2vu0EBE?modestbranding=1&fs=0&rel=0\"><\/iframe>\n\t<\/div>\n<\/div>\n<br \/>\n\n<div style=\"width: 560px; max-width: 100%\">\n\t<div class=\"youtube-embed ye-container\" itemprop=\"video\" itemscope itemtype=\"https:\/\/schema.org\/VideoObject\">\n\t\t<meta itemprop=\"url\" content=\"https:\/\/www.youtube.com\/v\/RAv5CRTcMIE\" \/>\n\t\t<meta itemprop=\"name\" content=\"<strong>GL 74 In Memoriam Manuel Cargaleiro<\/strong><br\/>Gon\u00e7alo d&#8217;Alc\u00e2ntara Louren\u00e7o\" \/>\n\t\t<meta itemprop=\"description\" content=\"<strong>GL 74 In Memoriam Manuel Cargaleiro<\/strong><br\/>Gon\u00e7alo d&#8217;Alc\u00e2ntara Louren\u00e7o\" \/>\n\t\t<meta itemprop=\"uploadDate\" content=\"2026-02-09T19:00:57+00:00\" \/>\n\t\t<meta itemprop=\"thumbnailUrl\" content=\"https:\/\/i.ytimg.com\/vi\/RAv5CRTcMIE\/default.jpg\" \/>\n\t\t<meta itemprop=\"embedUrl\" content=\"https:\/\/www.youtube.com\/embed\/RAv5CRTcMIE\" \/>\n\t\t<meta itemprop=\"height\" content=\"340\" \/>\n\t\t<meta itemprop=\"width\" content=\"560\" \/>\n\t\t<iframe loading=\"lazy\" style=\"border: 0;\" class=\"youtube-player\" width=\"560\" height=\"340\" src=\"https:\/\/www.youtube.com\/embed\/RAv5CRTcMIE?modestbranding=1&fs=0&rel=0\"><\/iframe>\n\t<\/div>\n<\/div>\n<\/p>\n","protected":false},"excerpt":{"rendered":"<p><strong>for Soprano Saxophone, Accordion and Double Bass<\/strong><\/p>\n","protected":false},"featured_media":3821,"comment_status":"open","ping_status":"closed","template":"","meta":{"_links_to":"","_links_to_target":""},"product_brand":[],"product_cat":[44,42],"product_tag":[],"class_list":{"0":"post-3818","1":"product","2":"type-product","3":"status-publish","4":"has-post-thumbnail","6":"product_cat-3-players","7":"product_cat-chamber-music","9":"first","10":"instock","11":"taxable","12":"shipping-taxable","13":"purchasable","14":"product-type-simple"},"_links":{"self":[{"href":"https:\/\/www.scherzoeditions.com\/webshop\/wp-json\/wp\/v2\/product\/3818","targetHints":{"allow":["GET"]}}],"collection":[{"href":"https:\/\/www.scherzoeditions.com\/webshop\/wp-json\/wp\/v2\/product"}],"about":[{"href":"https:\/\/www.scherzoeditions.com\/webshop\/wp-json\/wp\/v2\/types\/product"}],"replies":[{"embeddable":true,"href":"https:\/\/www.scherzoeditions.com\/webshop\/wp-json\/wp\/v2\/comments?post=3818"}],"wp:featuredmedia":[{"embeddable":true,"href":"https:\/\/www.scherzoeditions.com\/webshop\/wp-json\/wp\/v2\/media\/3821"}],"wp:attachment":[{"href":"https:\/\/www.scherzoeditions.com\/webshop\/wp-json\/wp\/v2\/media?parent=3818"}],"wp:term":[{"taxonomy":"product_brand","embeddable":true,"href":"https:\/\/www.scherzoeditions.com\/webshop\/wp-json\/wp\/v2\/product_brand?post=3818"},{"taxonomy":"product_cat","embeddable":true,"href":"https:\/\/www.scherzoeditions.com\/webshop\/wp-json\/wp\/v2\/product_cat?post=3818"},{"taxonomy":"product_tag","embeddable":true,"href":"https:\/\/www.scherzoeditions.com\/webshop\/wp-json\/wp\/v2\/product_tag?post=3818"}],"curies":[{"name":"wp","href":"https:\/\/api.w.org\/{rel}","templated":true}]}}