{"id":3784,"date":"2025-06-16T18:35:37","date_gmt":"2025-06-16T17:35:37","guid":{"rendered":"https:\/\/www.scherzoeditions.com\/webshop\/?post_type=product&#038;p=3784"},"modified":"2025-11-22T14:32:32","modified_gmt":"2025-11-22T14:32:32","slug":"quasi-jazzjorge-prendas","status":"publish","type":"product","link":"https:\/\/www.scherzoeditions.com\/webshop\/shop\/quasi-jazzjorge-prendas\/","title":{"rendered":"<strong>Quasi Jazz<\/strong><br\/>Jorge Prendas"},"content":{"rendered":"<p><strong>Duration: ca. 13&#8242; | Pages: 20 | Year: 2017 (2025)<\/strong><\/p>\n<p>1. 5 a sec<br \/>\n2. Waltz for Mary<br \/>\n3. Bossa B-A-C-H<br \/>\n4. Jotap\u00eap\u00ea<\/p>\n<p>These four piano pieces are, in a way, a tribute to my jazz heroes. They are filled with quotes from their works, as well as some clich\u00e9s commonly heard in jazz. The pieces are designed as an introduction to jazz harmonies, especially for pianists who are not yet familiar with this style. Some of them include sections for solos, providing space for improvisation. While there are some suggested ideas for these solos, pianists are encouraged to bring their own creativity and ideas.<br \/>\nQuasi Jazz was composed as part of the concert \u201cWho stole the Upbeats?\u201d &#8211; text by M\u00e1rio Jo\u00e3o Alves -, an educational concert commissioned by the Festival Internacional de M\u00fasica de Espinho (FIME), in 2017.<br \/>\n<strong>Jorge Prendas<\/strong><\/p>\n","protected":false},"excerpt":{"rendered":"<p><strong>for Piano<\/strong><\/p>\n","protected":false},"featured_media":3785,"comment_status":"open","ping_status":"closed","template":"","meta":{"_links_to":"","_links_to_target":""},"product_brand":[],"product_cat":[60,61],"product_tag":[],"class_list":{"0":"post-3784","1":"product","2":"type-product","3":"status-publish","4":"has-post-thumbnail","6":"product_cat-keyboards","7":"product_cat-piano","9":"first","10":"instock","11":"taxable","12":"shipping-taxable","13":"purchasable","14":"product-type-simple"},"_links":{"self":[{"href":"https:\/\/www.scherzoeditions.com\/webshop\/wp-json\/wp\/v2\/product\/3784","targetHints":{"allow":["GET"]}}],"collection":[{"href":"https:\/\/www.scherzoeditions.com\/webshop\/wp-json\/wp\/v2\/product"}],"about":[{"href":"https:\/\/www.scherzoeditions.com\/webshop\/wp-json\/wp\/v2\/types\/product"}],"replies":[{"embeddable":true,"href":"https:\/\/www.scherzoeditions.com\/webshop\/wp-json\/wp\/v2\/comments?post=3784"}],"wp:featuredmedia":[{"embeddable":true,"href":"https:\/\/www.scherzoeditions.com\/webshop\/wp-json\/wp\/v2\/media\/3785"}],"wp:attachment":[{"href":"https:\/\/www.scherzoeditions.com\/webshop\/wp-json\/wp\/v2\/media?parent=3784"}],"wp:term":[{"taxonomy":"product_brand","embeddable":true,"href":"https:\/\/www.scherzoeditions.com\/webshop\/wp-json\/wp\/v2\/product_brand?post=3784"},{"taxonomy":"product_cat","embeddable":true,"href":"https:\/\/www.scherzoeditions.com\/webshop\/wp-json\/wp\/v2\/product_cat?post=3784"},{"taxonomy":"product_tag","embeddable":true,"href":"https:\/\/www.scherzoeditions.com\/webshop\/wp-json\/wp\/v2\/product_tag?post=3784"}],"curies":[{"name":"wp","href":"https:\/\/api.w.org\/{rel}","templated":true}]}}