{"id":3577,"date":"2024-12-09T10:30:29","date_gmt":"2024-12-09T10:30:29","guid":{"rendered":"https:\/\/www.scherzoeditions.com\/webshop\/?post_type=product&#038;p=3577"},"modified":"2025-03-17T09:32:48","modified_gmt":"2025-03-17T09:32:48","slug":"farronca-gl-73goncalo-lourenco","status":"publish","type":"product","link":"https:\/\/www.scherzoeditions.com\/webshop\/shop\/farronca-gl-73goncalo-lourenco\/","title":{"rendered":"<strong>GL 73 Farronca<\/strong><br\/>Gon\u00e7alo d&#8217;Alc\u00e2ntara Louren\u00e7o"},"content":{"rendered":"<p><strong>Duration: ca. 8&#8242; | Pages: 40 | Year: 2024<\/strong><\/p>\n","protected":false},"excerpt":{"rendered":"<p><strong>for Mezzo-Soprano, Clarinet in A and Piano<\/strong><\/p>\n","protected":false},"featured_media":3579,"comment_status":"open","ping_status":"closed","template":"","meta":{"_links_to":"","_links_to_target":""},"product_brand":[],"product_cat":[44,42,96,51],"product_tag":[],"class_list":{"0":"post-3577","1":"product","2":"type-product","3":"status-publish","4":"has-post-thumbnail","6":"product_cat-3-players","7":"product_cat-chamber-music","8":"product_cat-solo","9":"product_cat-voice","11":"first","12":"instock","13":"taxable","14":"shipping-taxable","15":"purchasable","16":"product-type-simple"},"_links":{"self":[{"href":"https:\/\/www.scherzoeditions.com\/webshop\/wp-json\/wp\/v2\/product\/3577","targetHints":{"allow":["GET"]}}],"collection":[{"href":"https:\/\/www.scherzoeditions.com\/webshop\/wp-json\/wp\/v2\/product"}],"about":[{"href":"https:\/\/www.scherzoeditions.com\/webshop\/wp-json\/wp\/v2\/types\/product"}],"replies":[{"embeddable":true,"href":"https:\/\/www.scherzoeditions.com\/webshop\/wp-json\/wp\/v2\/comments?post=3577"}],"wp:featuredmedia":[{"embeddable":true,"href":"https:\/\/www.scherzoeditions.com\/webshop\/wp-json\/wp\/v2\/media\/3579"}],"wp:attachment":[{"href":"https:\/\/www.scherzoeditions.com\/webshop\/wp-json\/wp\/v2\/media?parent=3577"}],"wp:term":[{"taxonomy":"product_brand","embeddable":true,"href":"https:\/\/www.scherzoeditions.com\/webshop\/wp-json\/wp\/v2\/product_brand?post=3577"},{"taxonomy":"product_cat","embeddable":true,"href":"https:\/\/www.scherzoeditions.com\/webshop\/wp-json\/wp\/v2\/product_cat?post=3577"},{"taxonomy":"product_tag","embeddable":true,"href":"https:\/\/www.scherzoeditions.com\/webshop\/wp-json\/wp\/v2\/product_tag?post=3577"}],"curies":[{"name":"wp","href":"https:\/\/api.w.org\/{rel}","templated":true}]}}