{"id":3345,"date":"2021-09-30T20:00:45","date_gmt":"2021-09-30T19:00:45","guid":{"rendered":"https:\/\/www.scherzoeditions.com\/webshop\/?post_type=product&#038;p=3345"},"modified":"2025-01-11T17:01:33","modified_gmt":"2025-01-11T17:01:33","slug":"tres-telas-de-barcelona-for-flute-bass-clarinet-and-piano-ana-seara","status":"publish","type":"product","link":"https:\/\/www.scherzoeditions.com\/webshop\/shop\/tres-telas-de-barcelona-for-flute-bass-clarinet-and-piano-ana-seara\/","title":{"rendered":"Tr\u00eas Telas de Barcelona for Flute, Bass Clarinet and Piano  | <strong>Ana Seara<\/strong>"},"content":{"rendered":"<p><strong>Tr\u00eas Telas de Barcelona<\/strong> is written in 3 small movements. However, they should be played uninterruptedly.<br \/>\n<strong>Gaud\u00ec<\/strong>, <strong>Mir\u00f2<\/strong> and <strong>Dal\u00ec<\/strong> are the 3 names of Catalan art to be musically explored. I focused int he construction and colour of the lizard of the Parc G\u00fcell in Barcelona; in the painting \u201cThe Morning Star\u201d of the set \u201cConstellations\u201d by Mir\u00f2; and in the famous \u201cThe Persistence of the Memory\u201d by Dal\u00ec.<br \/>\nWith a very peculiar architectural style, Gaud\u00ec decorated the whole city of Barcelona with colour rand waving forms, full of mosaics where he joined the gothic style, the <em>art nouveau<\/em> and the Spanish tradition. The colourful mosaics that coat all Parc G\u00fcell convey musical ideas. Some waving shapes, with different sound colours&#8230;<br \/>\nAfter World War II, Mir\u00f2 went to Normandy. It was a period of introspection, where the sky, the night and the stars had a special importance for the painter. Thus the pictures of \u201cConstellations\u201d were born. There were 23 aquarelles where it seems to reflect the order of the cosmos, the social order, peace. Musically, \u201cThe Morning Star\u201d is slower, with more noises, those that we hear during the night. Quieter, with stars appearing here and there&#8230; Then they gather together to replace the order of the cosmos.<br \/>\nDal\u00ec, father of surrealism, transmits in this painting some horror, anxiety. The memory of all the musical work is treated at this moment. It is appealed previous material to close a cycle. The memory is persistent. The musical motifs in constant rotation on itself grant this idea of spiral replication. <em>Forte<\/em>, fast and incisive.<br \/>\n<strong>Duration: ca. 8&#8217;30&#8221; | Pages: 37 | Year: 2007<br \/>\nInstrumentation: Flute, B.Clarinet, Piano<\/strong><\/p>\n","protected":false},"excerpt":{"rendered":"<p>Tr\u00eas Telas de Barcelona is written in 3 small movements. However, they should be played uninterruptedly. Gaud\u00ec, Mir\u00f2 and Dal\u00ec are the 3 names of Catalan art to be musically explored. I focused int he construction and colour of the lizard of the Parc G\u00fcell in Barcelona; in the painting \u201cThe Morning Star\u201d of the [&hellip;]<\/p>\n","protected":false},"featured_media":3347,"comment_status":"open","ping_status":"closed","template":"","meta":{"_links_to":"","_links_to_target":""},"product_brand":[],"product_cat":[44,42],"product_tag":[],"class_list":{"0":"post-3345","1":"product","2":"type-product","3":"status-publish","4":"has-post-thumbnail","6":"product_cat-3-players","7":"product_cat-chamber-music","9":"first","10":"instock","11":"taxable","12":"shipping-taxable","13":"purchasable","14":"product-type-simple"},"_links":{"self":[{"href":"https:\/\/www.scherzoeditions.com\/webshop\/wp-json\/wp\/v2\/product\/3345","targetHints":{"allow":["GET"]}}],"collection":[{"href":"https:\/\/www.scherzoeditions.com\/webshop\/wp-json\/wp\/v2\/product"}],"about":[{"href":"https:\/\/www.scherzoeditions.com\/webshop\/wp-json\/wp\/v2\/types\/product"}],"replies":[{"embeddable":true,"href":"https:\/\/www.scherzoeditions.com\/webshop\/wp-json\/wp\/v2\/comments?post=3345"}],"wp:featuredmedia":[{"embeddable":true,"href":"https:\/\/www.scherzoeditions.com\/webshop\/wp-json\/wp\/v2\/media\/3347"}],"wp:attachment":[{"href":"https:\/\/www.scherzoeditions.com\/webshop\/wp-json\/wp\/v2\/media?parent=3345"}],"wp:term":[{"taxonomy":"product_brand","embeddable":true,"href":"https:\/\/www.scherzoeditions.com\/webshop\/wp-json\/wp\/v2\/product_brand?post=3345"},{"taxonomy":"product_cat","embeddable":true,"href":"https:\/\/www.scherzoeditions.com\/webshop\/wp-json\/wp\/v2\/product_cat?post=3345"},{"taxonomy":"product_tag","embeddable":true,"href":"https:\/\/www.scherzoeditions.com\/webshop\/wp-json\/wp\/v2\/product_tag?post=3345"}],"curies":[{"name":"wp","href":"https:\/\/api.w.org\/{rel}","templated":true}]}}