{"id":3200,"date":"2020-08-12T10:00:18","date_gmt":"2020-08-12T09:00:18","guid":{"rendered":"http:\/\/www.scherzoeditions.com\/webshop\/?post_type=product&#038;p=3200"},"modified":"2025-03-17T09:33:35","modified_gmt":"2025-03-17T09:33:35","slug":"gl-26-a-aldeia-folk-fantasy-for-woodwind-quintet-goncalo-lourenco","status":"publish","type":"product","link":"https:\/\/www.scherzoeditions.com\/webshop\/shop\/gl-26-a-aldeia-folk-fantasy-for-woodwind-quintet-goncalo-lourenco\/","title":{"rendered":"GL 26 &#8220;A Aldeia&#8221; &#8211; Folk Fantasy for Woodwind Quintet | Gon\u00e7alo d&#8217;Alc\u00e2ntara Louren\u00e7o"},"content":{"rendered":"<p><strong>Duration: ca. 9&#8217;30&#8221; | Pages: 38 | Year: 2011<\/strong><\/p>\n","protected":false},"excerpt":{"rendered":"<p>Duration: ca. 9&#8217;30&#8221; | Pages: 38 | Year: 2011<\/p>\n","protected":false},"featured_media":3202,"comment_status":"open","ping_status":"closed","template":"","meta":{"_links_to":"","_links_to_target":""},"product_brand":[],"product_cat":[109,42],"product_tag":[],"class_list":{"0":"post-3200","1":"product","2":"type-product","3":"status-publish","4":"has-post-thumbnail","6":"product_cat-5-players","7":"product_cat-chamber-music","9":"first","10":"instock","11":"taxable","12":"shipping-taxable","13":"purchasable","14":"product-type-simple"},"_links":{"self":[{"href":"https:\/\/www.scherzoeditions.com\/webshop\/wp-json\/wp\/v2\/product\/3200","targetHints":{"allow":["GET"]}}],"collection":[{"href":"https:\/\/www.scherzoeditions.com\/webshop\/wp-json\/wp\/v2\/product"}],"about":[{"href":"https:\/\/www.scherzoeditions.com\/webshop\/wp-json\/wp\/v2\/types\/product"}],"replies":[{"embeddable":true,"href":"https:\/\/www.scherzoeditions.com\/webshop\/wp-json\/wp\/v2\/comments?post=3200"}],"wp:featuredmedia":[{"embeddable":true,"href":"https:\/\/www.scherzoeditions.com\/webshop\/wp-json\/wp\/v2\/media\/3202"}],"wp:attachment":[{"href":"https:\/\/www.scherzoeditions.com\/webshop\/wp-json\/wp\/v2\/media?parent=3200"}],"wp:term":[{"taxonomy":"product_brand","embeddable":true,"href":"https:\/\/www.scherzoeditions.com\/webshop\/wp-json\/wp\/v2\/product_brand?post=3200"},{"taxonomy":"product_cat","embeddable":true,"href":"https:\/\/www.scherzoeditions.com\/webshop\/wp-json\/wp\/v2\/product_cat?post=3200"},{"taxonomy":"product_tag","embeddable":true,"href":"https:\/\/www.scherzoeditions.com\/webshop\/wp-json\/wp\/v2\/product_tag?post=3200"}],"curies":[{"name":"wp","href":"https:\/\/api.w.org\/{rel}","templated":true}]}}