{"id":300,"date":"2013-12-22T22:38:28","date_gmt":"2013-12-22T22:38:28","guid":{"rendered":"http:\/\/www.scherzoeditions.com\/webshop\/?post_type=product&#038;p=300"},"modified":"2025-11-22T11:03:32","modified_gmt":"2025-11-22T11:03:32","slug":"cancao-para-meredith-para-trombone-baixo-solo-filipe-lopes","status":"publish","type":"product","link":"https:\/\/www.scherzoeditions.com\/webshop\/shop\/cancao-para-meredith-para-trombone-baixo-solo-filipe-lopes\/","title":{"rendered":"Can\u00e7\u00e3o para Meredith for Bass Trombone solo | Filipe Lopes"},"content":{"rendered":"<h3>Can\u00e7\u00e3o para Meredith for Bass Trombone solo<\/h3>\n<h3>Duration: ca. 3&#8242;<\/h3>\n<h3>Year: 2013<\/h3>\n<iframe loading=\"lazy\" width=\"100%\" height=\"450\" scrolling=\"no\" frameborder=\"no\" src=\"https:\/\/w.soundcloud.com\/player?url=https%3A%2F%2Fsoundcloud.com%2Ffilklopes%2Fcanc-a-o-para-meredith&auto_play=false&show_comments=false&visual=true\"><\/iframe>\n","protected":false},"excerpt":{"rendered":"<p>Can\u00e7\u00e3o para Meredith for Bass Trombone solo Duration: ca. 3&#8242; Year: 2013<\/p>\n","protected":false},"featured_media":1750,"comment_status":"closed","ping_status":"closed","template":"","meta":{"_links_to":"","_links_to_target":""},"product_brand":[],"product_cat":[54,55],"product_tag":[],"class_list":{"0":"post-300","1":"product","2":"type-product","3":"status-publish","4":"has-post-thumbnail","6":"product_cat-brass","7":"product_cat-trombone","9":"first","10":"instock","11":"taxable","12":"shipping-taxable","13":"purchasable","14":"product-type-simple"},"_links":{"self":[{"href":"https:\/\/www.scherzoeditions.com\/webshop\/wp-json\/wp\/v2\/product\/300","targetHints":{"allow":["GET"]}}],"collection":[{"href":"https:\/\/www.scherzoeditions.com\/webshop\/wp-json\/wp\/v2\/product"}],"about":[{"href":"https:\/\/www.scherzoeditions.com\/webshop\/wp-json\/wp\/v2\/types\/product"}],"replies":[{"embeddable":true,"href":"https:\/\/www.scherzoeditions.com\/webshop\/wp-json\/wp\/v2\/comments?post=300"}],"wp:featuredmedia":[{"embeddable":true,"href":"https:\/\/www.scherzoeditions.com\/webshop\/wp-json\/wp\/v2\/media\/1750"}],"wp:attachment":[{"href":"https:\/\/www.scherzoeditions.com\/webshop\/wp-json\/wp\/v2\/media?parent=300"}],"wp:term":[{"taxonomy":"product_brand","embeddable":true,"href":"https:\/\/www.scherzoeditions.com\/webshop\/wp-json\/wp\/v2\/product_brand?post=300"},{"taxonomy":"product_cat","embeddable":true,"href":"https:\/\/www.scherzoeditions.com\/webshop\/wp-json\/wp\/v2\/product_cat?post=300"},{"taxonomy":"product_tag","embeddable":true,"href":"https:\/\/www.scherzoeditions.com\/webshop\/wp-json\/wp\/v2\/product_tag?post=300"}],"curies":[{"name":"wp","href":"https:\/\/api.w.org\/{rel}","templated":true}]}}