{"id":297,"date":"2013-12-22T22:07:32","date_gmt":"2013-12-22T22:07:32","guid":{"rendered":"http:\/\/www.scherzoeditions.com\/webshop\/?post_type=product&#038;p=297"},"modified":"2025-11-22T11:03:37","modified_gmt":"2025-11-22T11:03:37","slug":"cancao-para-meredith-para-trombone-tenor-solo-filipe-lopes","status":"publish","type":"product","link":"https:\/\/www.scherzoeditions.com\/webshop\/shop\/cancao-para-meredith-para-trombone-tenor-solo-filipe-lopes\/","title":{"rendered":"Can\u00e7\u00e3o para Meredith for Tenor Trombone solo | Filipe Lopes"},"content":{"rendered":"<h3>Can\u00e7\u00e3o para Meredith for Tenor Trombone solo<\/h3>\n<h3>Duration: ca. 3&#8242;<\/h3>\n<h3>Year: 2013<\/h3>\n","protected":false},"excerpt":{"rendered":"<p>Can\u00e7\u00e3o para Meredith for Tenor Trombone solo Duration: ca. 3&#8242; Year: 2013<\/p>\n","protected":false},"featured_media":1748,"comment_status":"closed","ping_status":"closed","template":"","meta":{"_links_to":"","_links_to_target":""},"product_brand":[],"product_cat":[54,55],"product_tag":[],"class_list":{"0":"post-297","1":"product","2":"type-product","3":"status-publish","4":"has-post-thumbnail","6":"product_cat-brass","7":"product_cat-trombone","9":"first","10":"instock","11":"taxable","12":"shipping-taxable","13":"purchasable","14":"product-type-simple"},"_links":{"self":[{"href":"https:\/\/www.scherzoeditions.com\/webshop\/wp-json\/wp\/v2\/product\/297","targetHints":{"allow":["GET"]}}],"collection":[{"href":"https:\/\/www.scherzoeditions.com\/webshop\/wp-json\/wp\/v2\/product"}],"about":[{"href":"https:\/\/www.scherzoeditions.com\/webshop\/wp-json\/wp\/v2\/types\/product"}],"replies":[{"embeddable":true,"href":"https:\/\/www.scherzoeditions.com\/webshop\/wp-json\/wp\/v2\/comments?post=297"}],"wp:featuredmedia":[{"embeddable":true,"href":"https:\/\/www.scherzoeditions.com\/webshop\/wp-json\/wp\/v2\/media\/1748"}],"wp:attachment":[{"href":"https:\/\/www.scherzoeditions.com\/webshop\/wp-json\/wp\/v2\/media?parent=297"}],"wp:term":[{"taxonomy":"product_brand","embeddable":true,"href":"https:\/\/www.scherzoeditions.com\/webshop\/wp-json\/wp\/v2\/product_brand?post=297"},{"taxonomy":"product_cat","embeddable":true,"href":"https:\/\/www.scherzoeditions.com\/webshop\/wp-json\/wp\/v2\/product_cat?post=297"},{"taxonomy":"product_tag","embeddable":true,"href":"https:\/\/www.scherzoeditions.com\/webshop\/wp-json\/wp\/v2\/product_tag?post=297"}],"curies":[{"name":"wp","href":"https:\/\/api.w.org\/{rel}","templated":true}]}}