{"id":285,"date":"2013-12-22T19:07:23","date_gmt":"2013-12-22T19:07:23","guid":{"rendered":"http:\/\/www.scherzoeditions.com\/webshop\/?post_type=product&#038;p=285"},"modified":"2025-01-30T14:56:29","modified_gmt":"2025-01-30T14:56:29","slug":"o-homem-das-tres-pernas-para-violoncelo-solo-luis-soldado","status":"publish","type":"product","link":"https:\/\/www.scherzoeditions.com\/webshop\/shop\/o-homem-das-tres-pernas-para-violoncelo-solo-luis-soldado\/","title":{"rendered":"O homem das Tr\u00eas pernas for Violoncello solo | Lu\u00eds Soldado"},"content":{"rendered":"<h3>O homem das Tr\u00eas pernas for Violoncello solo<\/h3>\n<h3>Duration: ca. 3&#8242;<\/h3>\n<h3>Year: 2013<\/h3>\n","protected":false},"excerpt":{"rendered":"<p>O homem das Tr\u00eas pernas for Violoncello solo Duration: ca. 3&#8242; Year: 2013<\/p>\n","protected":false},"featured_media":1739,"comment_status":"closed","ping_status":"closed","template":"","meta":{"_links_to":"","_links_to_target":""},"product_brand":[],"product_cat":[57,58],"product_tag":[],"class_list":{"0":"post-285","1":"product","2":"type-product","3":"status-publish","4":"has-post-thumbnail","6":"product_cat-strings","7":"product_cat-violoncello","9":"first","10":"instock","11":"taxable","12":"shipping-taxable","13":"purchasable","14":"product-type-simple"},"_links":{"self":[{"href":"https:\/\/www.scherzoeditions.com\/webshop\/wp-json\/wp\/v2\/product\/285","targetHints":{"allow":["GET"]}}],"collection":[{"href":"https:\/\/www.scherzoeditions.com\/webshop\/wp-json\/wp\/v2\/product"}],"about":[{"href":"https:\/\/www.scherzoeditions.com\/webshop\/wp-json\/wp\/v2\/types\/product"}],"replies":[{"embeddable":true,"href":"https:\/\/www.scherzoeditions.com\/webshop\/wp-json\/wp\/v2\/comments?post=285"}],"wp:featuredmedia":[{"embeddable":true,"href":"https:\/\/www.scherzoeditions.com\/webshop\/wp-json\/wp\/v2\/media\/1739"}],"wp:attachment":[{"href":"https:\/\/www.scherzoeditions.com\/webshop\/wp-json\/wp\/v2\/media?parent=285"}],"wp:term":[{"taxonomy":"product_brand","embeddable":true,"href":"https:\/\/www.scherzoeditions.com\/webshop\/wp-json\/wp\/v2\/product_brand?post=285"},{"taxonomy":"product_cat","embeddable":true,"href":"https:\/\/www.scherzoeditions.com\/webshop\/wp-json\/wp\/v2\/product_cat?post=285"},{"taxonomy":"product_tag","embeddable":true,"href":"https:\/\/www.scherzoeditions.com\/webshop\/wp-json\/wp\/v2\/product_tag?post=285"}],"curies":[{"name":"wp","href":"https:\/\/api.w.org\/{rel}","templated":true}]}}