{"id":2418,"date":"2018-12-28T12:28:16","date_gmt":"2018-12-28T12:28:16","guid":{"rendered":"http:\/\/www.scherzoeditions.com\/webshop\/?post_type=product&#038;p=2418"},"modified":"2025-01-11T17:20:56","modified_gmt":"2025-01-11T17:20:56","slug":"album-friccoes-for-flute-solo-flute-and-electronics-various","status":"publish","type":"product","link":"https:\/\/www.scherzoeditions.com\/webshop\/shop\/album-friccoes-for-flute-solo-flute-and-electronics-various\/","title":{"rendered":"Album Fric\u00e7\u00f5es for Flute Solo\/Flute and Electronics | Various"},"content":{"rendered":"<h3>Album Fric\u00e7\u00f5es for Flute Solo\/Flute and Electronics<\/h3>\n<h4>O motivo da menina Laite | Andr\u00e9 M. Santos<\/h4>\n<h4>O Or\u00e1culo de Delfos | \u00c2ngela da Ponte<\/h4>\n<h4>#5 Letters to Wolfgang | Nuno Peixoto de Pinho<\/h4>\n<h4>Fric\u00e7\u00f5es | Andr\u00e9 M. Santos<\/h4>\n<h4>Reencontros num jardim ef\u00e9mero | Catarina Bispo<\/h4>\n<h4>Varia\u00e7\u00f5es sobre Espa\u00e7o #4 | Filipe Lopes<\/h4>\n<h3>Duration: ca. 42&#8242;<\/h3>\n<h3>Year: 2018<\/h3>\n\n<div style=\"width: 560px; max-width: 100%\">\n\t<div class=\"youtube-embed ye-container\" itemprop=\"video\" itemscope itemtype=\"https:\/\/schema.org\/VideoObject\">\n\t\t<meta itemprop=\"url\" content=\"https:\/\/www.youtube.com\/v\/PR0Mdzj5URM\" \/>\n\t\t<meta itemprop=\"name\" content=\"Album Fric\u00e7\u00f5es for Flute Solo\/Flute and Electronics | Various\" \/>\n\t\t<meta itemprop=\"description\" content=\"Album Fric\u00e7\u00f5es for Flute Solo\/Flute and Electronics | Various\" \/>\n\t\t<meta itemprop=\"uploadDate\" content=\"2018-12-28T12:28:16+00:00\" \/>\n\t\t<meta itemprop=\"thumbnailUrl\" content=\"https:\/\/i.ytimg.com\/vi\/PR0Mdzj5URM\/default.jpg\" \/>\n\t\t<meta itemprop=\"embedUrl\" content=\"https:\/\/www.youtube.com\/embed\/PR0Mdzj5URM\" \/>\n\t\t<meta itemprop=\"height\" content=\"340\" \/>\n\t\t<meta itemprop=\"width\" content=\"560\" \/>\n\t\t<iframe loading=\"lazy\" style=\"border: 0;\" class=\"youtube-player\" width=\"560\" height=\"340\" src=\"https:\/\/www.youtube.com\/embed\/PR0Mdzj5URM?modestbranding=1&fs=0&rel=0\"><\/iframe>\n\t<\/div>\n<\/div>\n\n","protected":false},"excerpt":{"rendered":"<p>Album Fric\u00e7\u00f5es for Flute Solo\/Flute and Electronics O motivo da menina Laite | Andr\u00e9 M. Santos O Or\u00e1culo de Delfos | \u00c2ngela da Ponte #5 Letters to Wolfgang | Nuno Peixoto de Pinho Fric\u00e7\u00f5es | Andr\u00e9 M. Santos Reencontros num jardim ef\u00e9mero | Catarina Bispo Varia\u00e7\u00f5es sobre Espa\u00e7o #4 | Filipe Lopes Duration: ca. 42&#8242; [&hellip;]<\/p>\n","protected":false},"featured_media":2419,"comment_status":"open","ping_status":"closed","template":"","meta":{"_links_to":"","_links_to_target":""},"product_brand":[],"product_cat":[47,46],"product_tag":[],"class_list":{"0":"post-2418","1":"product","2":"type-product","3":"status-publish","4":"has-post-thumbnail","6":"product_cat-flute","7":"product_cat-woodwinds","9":"first","10":"instock","11":"taxable","12":"shipping-taxable","13":"purchasable","14":"product-type-simple"},"_links":{"self":[{"href":"https:\/\/www.scherzoeditions.com\/webshop\/wp-json\/wp\/v2\/product\/2418","targetHints":{"allow":["GET"]}}],"collection":[{"href":"https:\/\/www.scherzoeditions.com\/webshop\/wp-json\/wp\/v2\/product"}],"about":[{"href":"https:\/\/www.scherzoeditions.com\/webshop\/wp-json\/wp\/v2\/types\/product"}],"replies":[{"embeddable":true,"href":"https:\/\/www.scherzoeditions.com\/webshop\/wp-json\/wp\/v2\/comments?post=2418"}],"wp:featuredmedia":[{"embeddable":true,"href":"https:\/\/www.scherzoeditions.com\/webshop\/wp-json\/wp\/v2\/media\/2419"}],"wp:attachment":[{"href":"https:\/\/www.scherzoeditions.com\/webshop\/wp-json\/wp\/v2\/media?parent=2418"}],"wp:term":[{"taxonomy":"product_brand","embeddable":true,"href":"https:\/\/www.scherzoeditions.com\/webshop\/wp-json\/wp\/v2\/product_brand?post=2418"},{"taxonomy":"product_cat","embeddable":true,"href":"https:\/\/www.scherzoeditions.com\/webshop\/wp-json\/wp\/v2\/product_cat?post=2418"},{"taxonomy":"product_tag","embeddable":true,"href":"https:\/\/www.scherzoeditions.com\/webshop\/wp-json\/wp\/v2\/product_tag?post=2418"}],"curies":[{"name":"wp","href":"https:\/\/api.w.org\/{rel}","templated":true}]}}