{"id":2413,"date":"2018-12-20T16:48:19","date_gmt":"2018-12-20T16:48:19","guid":{"rendered":"http:\/\/www.scherzoeditions.com\/webshop\/?post_type=product&#038;p=2413"},"modified":"2025-01-11T17:19:59","modified_gmt":"2025-01-11T17:19:59","slug":"o-oraculo-de-delfos-for-flute-and-electronics-angela-da-ponte","status":"publish","type":"product","link":"https:\/\/www.scherzoeditions.com\/webshop\/shop\/o-oraculo-de-delfos-for-flute-and-electronics-angela-da-ponte\/","title":{"rendered":"O Or\u00e1culo de Delfos for Flute and Electronics | \u00c2ngela da Ponte"},"content":{"rendered":"<h3>O Or\u00e1culo de Delfos for Flute and Electronics<\/h3>\n<h3>Duration: ca. 8&#8242;<\/h3>\n<h3>Year: 2017<\/h3>\n\n<div style=\"width: 560px; max-width: 100%\">\n\t<div class=\"youtube-embed ye-container\" itemprop=\"video\" itemscope itemtype=\"https:\/\/schema.org\/VideoObject\">\n\t\t<meta itemprop=\"url\" content=\"https:\/\/www.youtube.com\/v\/t2VSiLujBXE\" \/>\n\t\t<meta itemprop=\"name\" content=\"O Or\u00e1culo de Delfos for Flute and Electronics | \u00c2ngela da Ponte\" \/>\n\t\t<meta itemprop=\"description\" content=\"O Or\u00e1culo de Delfos for Flute and Electronics | \u00c2ngela da Ponte\" \/>\n\t\t<meta itemprop=\"uploadDate\" content=\"2018-12-20T16:48:19+00:00\" \/>\n\t\t<meta itemprop=\"thumbnailUrl\" content=\"https:\/\/i.ytimg.com\/vi\/t2VSiLujBXE\/default.jpg\" \/>\n\t\t<meta itemprop=\"embedUrl\" content=\"https:\/\/www.youtube.com\/embed\/t2VSiLujBXE\" \/>\n\t\t<meta itemprop=\"height\" content=\"340\" \/>\n\t\t<meta itemprop=\"width\" content=\"560\" \/>\n\t\t<iframe loading=\"lazy\" style=\"border: 0;\" class=\"youtube-player\" width=\"560\" height=\"340\" src=\"https:\/\/www.youtube.com\/embed\/t2VSiLujBXE?modestbranding=1&fs=0&rel=0\"><\/iframe>\n\t<\/div>\n<\/div>\n\n","protected":false},"excerpt":{"rendered":"<p>O Or\u00e1culo de Delfos for Flute and Electronics Duration: ca. 8&#8242; Year: 2017<\/p>\n","protected":false},"featured_media":2414,"comment_status":"open","ping_status":"closed","template":"","meta":{"_links_to":"","_links_to_target":""},"product_brand":[],"product_cat":[47,46],"product_tag":[],"class_list":{"0":"post-2413","1":"product","2":"type-product","3":"status-publish","4":"has-post-thumbnail","6":"product_cat-flute","7":"product_cat-woodwinds","9":"first","10":"instock","11":"taxable","12":"shipping-taxable","13":"purchasable","14":"product-type-simple"},"_links":{"self":[{"href":"https:\/\/www.scherzoeditions.com\/webshop\/wp-json\/wp\/v2\/product\/2413","targetHints":{"allow":["GET"]}}],"collection":[{"href":"https:\/\/www.scherzoeditions.com\/webshop\/wp-json\/wp\/v2\/product"}],"about":[{"href":"https:\/\/www.scherzoeditions.com\/webshop\/wp-json\/wp\/v2\/types\/product"}],"replies":[{"embeddable":true,"href":"https:\/\/www.scherzoeditions.com\/webshop\/wp-json\/wp\/v2\/comments?post=2413"}],"wp:featuredmedia":[{"embeddable":true,"href":"https:\/\/www.scherzoeditions.com\/webshop\/wp-json\/wp\/v2\/media\/2414"}],"wp:attachment":[{"href":"https:\/\/www.scherzoeditions.com\/webshop\/wp-json\/wp\/v2\/media?parent=2413"}],"wp:term":[{"taxonomy":"product_brand","embeddable":true,"href":"https:\/\/www.scherzoeditions.com\/webshop\/wp-json\/wp\/v2\/product_brand?post=2413"},{"taxonomy":"product_cat","embeddable":true,"href":"https:\/\/www.scherzoeditions.com\/webshop\/wp-json\/wp\/v2\/product_cat?post=2413"},{"taxonomy":"product_tag","embeddable":true,"href":"https:\/\/www.scherzoeditions.com\/webshop\/wp-json\/wp\/v2\/product_tag?post=2413"}],"curies":[{"name":"wp","href":"https:\/\/api.w.org\/{rel}","templated":true}]}}