{"id":2409,"date":"2018-12-17T13:00:43","date_gmt":"2018-12-17T13:00:43","guid":{"rendered":"http:\/\/www.scherzoeditions.com\/webshop\/?post_type=product&#038;p=2409"},"modified":"2025-01-11T17:20:04","modified_gmt":"2025-01-11T17:20:04","slug":"variacoes-sobre-espaco-4-for-flute-and-wallace-filipe-lopes","status":"publish","type":"product","link":"https:\/\/www.scherzoeditions.com\/webshop\/shop\/variacoes-sobre-espaco-4-for-flute-and-wallace-filipe-lopes\/","title":{"rendered":"Varia\u00e7\u00f5es sobre Espa\u00e7o #4 for Flute and Wallace | Filipe Lopes"},"content":{"rendered":"<h3>Varia\u00e7\u00f5es sobre Espa\u00e7o #4 for Flute and Wallace<\/h3>\n<h3>Duration: ca. 9&#8242;<\/h3>\n<h3>Year: 2018<\/h3>\n\n<div style=\"width: 560px; max-width: 100%\">\n\t<div class=\"youtube-embed ye-container\" itemprop=\"video\" itemscope itemtype=\"https:\/\/schema.org\/VideoObject\">\n\t\t<meta itemprop=\"url\" content=\"https:\/\/www.youtube.com\/v\/Ryu2Ib8Bubo\" \/>\n\t\t<meta itemprop=\"name\" content=\"Varia\u00e7\u00f5es sobre Espa\u00e7o #4 for Flute and Wallace | Filipe Lopes\" \/>\n\t\t<meta itemprop=\"description\" content=\"Varia\u00e7\u00f5es sobre Espa\u00e7o #4 for Flute and Wallace | Filipe Lopes\" \/>\n\t\t<meta itemprop=\"uploadDate\" content=\"2018-12-17T13:00:43+00:00\" \/>\n\t\t<meta itemprop=\"thumbnailUrl\" content=\"https:\/\/i.ytimg.com\/vi\/Ryu2Ib8Bubo\/default.jpg\" \/>\n\t\t<meta itemprop=\"embedUrl\" content=\"https:\/\/www.youtube.com\/embed\/Ryu2Ib8Bubo\" \/>\n\t\t<meta itemprop=\"height\" content=\"340\" \/>\n\t\t<meta itemprop=\"width\" content=\"560\" \/>\n\t\t<iframe loading=\"lazy\" style=\"border: 0;\" class=\"youtube-player\" width=\"560\" height=\"340\" src=\"https:\/\/www.youtube.com\/embed\/Ryu2Ib8Bubo?modestbranding=1&fs=0&rel=0\"><\/iframe>\n\t<\/div>\n<\/div>\n\n","protected":false},"excerpt":{"rendered":"<p>Varia\u00e7\u00f5es sobre Espa\u00e7o #4 for Flute and Wallace Duration: ca. 9&#8242; Year: 2018<\/p>\n","protected":false},"featured_media":2410,"comment_status":"open","ping_status":"closed","template":"","meta":{"_links_to":"","_links_to_target":""},"product_brand":[],"product_cat":[47,46],"product_tag":[],"class_list":{"0":"post-2409","1":"product","2":"type-product","3":"status-publish","4":"has-post-thumbnail","6":"product_cat-flute","7":"product_cat-woodwinds","9":"first","10":"instock","11":"taxable","12":"shipping-taxable","13":"purchasable","14":"product-type-simple"},"_links":{"self":[{"href":"https:\/\/www.scherzoeditions.com\/webshop\/wp-json\/wp\/v2\/product\/2409","targetHints":{"allow":["GET"]}}],"collection":[{"href":"https:\/\/www.scherzoeditions.com\/webshop\/wp-json\/wp\/v2\/product"}],"about":[{"href":"https:\/\/www.scherzoeditions.com\/webshop\/wp-json\/wp\/v2\/types\/product"}],"replies":[{"embeddable":true,"href":"https:\/\/www.scherzoeditions.com\/webshop\/wp-json\/wp\/v2\/comments?post=2409"}],"wp:featuredmedia":[{"embeddable":true,"href":"https:\/\/www.scherzoeditions.com\/webshop\/wp-json\/wp\/v2\/media\/2410"}],"wp:attachment":[{"href":"https:\/\/www.scherzoeditions.com\/webshop\/wp-json\/wp\/v2\/media?parent=2409"}],"wp:term":[{"taxonomy":"product_brand","embeddable":true,"href":"https:\/\/www.scherzoeditions.com\/webshop\/wp-json\/wp\/v2\/product_brand?post=2409"},{"taxonomy":"product_cat","embeddable":true,"href":"https:\/\/www.scherzoeditions.com\/webshop\/wp-json\/wp\/v2\/product_cat?post=2409"},{"taxonomy":"product_tag","embeddable":true,"href":"https:\/\/www.scherzoeditions.com\/webshop\/wp-json\/wp\/v2\/product_tag?post=2409"}],"curies":[{"name":"wp","href":"https:\/\/api.w.org\/{rel}","templated":true}]}}