{"id":2351,"date":"2018-09-24T13:04:41","date_gmt":"2018-09-24T12:04:41","guid":{"rendered":"http:\/\/www.scherzoeditions.com\/webshop\/?post_type=product&#038;p=2351"},"modified":"2025-03-15T19:10:25","modified_gmt":"2025-03-15T19:10:25","slug":"gl-3-duas-oracoes-for-a-cappella-choir-goncalo-lourenco","status":"publish","type":"product","link":"https:\/\/www.scherzoeditions.com\/webshop\/shop\/gl-3-duas-oracoes-for-a-cappella-choir-goncalo-lourenco\/","title":{"rendered":"<strong>GL 3 Duas Ora\u00e7\u00f5es<\/strong><br\/>Gon\u00e7alo d&#8217;Alc\u00e2ntra Louren\u00e7o"},"content":{"rendered":"<p><strong>Duration: ca. 5&#8242; | Pages: 12 (108) | Year: 1998<br \/>\nVoices: Soprano, Alto, Tenor, Bass<\/strong><\/p>\n\n<div style=\"width: 560px; max-width: 100%\">\n\t<div class=\"youtube-embed ye-container\" itemprop=\"video\" itemscope itemtype=\"https:\/\/schema.org\/VideoObject\">\n\t\t<meta itemprop=\"url\" content=\"https:\/\/www.youtube.com\/v\/QFZtelkEMxQ\" \/>\n\t\t<meta itemprop=\"name\" content=\"<strong>GL 3 Duas Ora\u00e7\u00f5es<\/strong><br\/>Gon\u00e7alo d&#8217;Alc\u00e2ntra Louren\u00e7o\" \/>\n\t\t<meta itemprop=\"description\" content=\"<strong>GL 3 Duas Ora\u00e7\u00f5es<\/strong><br\/>Gon\u00e7alo d&#8217;Alc\u00e2ntra Louren\u00e7o\" \/>\n\t\t<meta itemprop=\"uploadDate\" content=\"2018-09-24T13:04:41+01:00\" \/>\n\t\t<meta itemprop=\"thumbnailUrl\" content=\"https:\/\/i.ytimg.com\/vi\/QFZtelkEMxQ\/default.jpg\" \/>\n\t\t<meta itemprop=\"embedUrl\" content=\"https:\/\/www.youtube.com\/embed\/QFZtelkEMxQ\" \/>\n\t\t<meta itemprop=\"height\" content=\"340\" \/>\n\t\t<meta itemprop=\"width\" content=\"560\" \/>\n\t\t<iframe loading=\"lazy\" style=\"border: 0;\" class=\"youtube-player\" width=\"560\" height=\"340\" src=\"https:\/\/www.youtube.com\/embed\/QFZtelkEMxQ?modestbranding=1&fs=0&rel=0\"><\/iframe>\n\t<\/div>\n<\/div>\n\n","protected":false},"excerpt":{"rendered":"<p><strong>for a cappella Choir<\/strong><br \/>\nINCLUDES 1 SCORE AND 8 SEPARATE SCORES.<\/p>\n","protected":false},"featured_media":2352,"comment_status":"open","ping_status":"closed","template":"","meta":{"_links_to":"","_links_to_target":""},"product_brand":[],"product_cat":[52,51],"product_tag":[],"class_list":{"0":"post-2351","1":"product","2":"type-product","3":"status-publish","4":"has-post-thumbnail","6":"product_cat-choir","7":"product_cat-voice","9":"first","10":"instock","11":"taxable","12":"shipping-taxable","13":"purchasable","14":"product-type-simple"},"_links":{"self":[{"href":"https:\/\/www.scherzoeditions.com\/webshop\/wp-json\/wp\/v2\/product\/2351","targetHints":{"allow":["GET"]}}],"collection":[{"href":"https:\/\/www.scherzoeditions.com\/webshop\/wp-json\/wp\/v2\/product"}],"about":[{"href":"https:\/\/www.scherzoeditions.com\/webshop\/wp-json\/wp\/v2\/types\/product"}],"replies":[{"embeddable":true,"href":"https:\/\/www.scherzoeditions.com\/webshop\/wp-json\/wp\/v2\/comments?post=2351"}],"wp:featuredmedia":[{"embeddable":true,"href":"https:\/\/www.scherzoeditions.com\/webshop\/wp-json\/wp\/v2\/media\/2352"}],"wp:attachment":[{"href":"https:\/\/www.scherzoeditions.com\/webshop\/wp-json\/wp\/v2\/media?parent=2351"}],"wp:term":[{"taxonomy":"product_brand","embeddable":true,"href":"https:\/\/www.scherzoeditions.com\/webshop\/wp-json\/wp\/v2\/product_brand?post=2351"},{"taxonomy":"product_cat","embeddable":true,"href":"https:\/\/www.scherzoeditions.com\/webshop\/wp-json\/wp\/v2\/product_cat?post=2351"},{"taxonomy":"product_tag","embeddable":true,"href":"https:\/\/www.scherzoeditions.com\/webshop\/wp-json\/wp\/v2\/product_tag?post=2351"}],"curies":[{"name":"wp","href":"https:\/\/api.w.org\/{rel}","templated":true}]}}