{"id":2240,"date":"2018-04-06T13:00:25","date_gmt":"2018-04-06T12:00:25","guid":{"rendered":"http:\/\/www.scherzoeditions.com\/webshop\/?post_type=product&#038;p=2240"},"modified":"2025-01-11T17:14:16","modified_gmt":"2025-01-11T17:14:16","slug":"alinea-for-marimba-angela-da-ponte","status":"publish","type":"product","link":"https:\/\/www.scherzoeditions.com\/webshop\/shop\/alinea-for-marimba-angela-da-ponte\/","title":{"rendered":"aL\u00ednea for Marimba | \u00c2ngela da Ponte"},"content":{"rendered":"<h3>aL\u00ednea for Marimba<\/h3>\n<h3>Duration: ca. 4&#8242;<\/h3>\n<h3>Year: 2018<\/h3>\n","protected":false},"excerpt":{"rendered":"<p>aL\u00ednea for Marimba Duration: ca. 4&#8242; Year: 2018<\/p>\n","protected":false},"featured_media":2241,"comment_status":"open","ping_status":"closed","template":"","meta":{"_links_to":"","_links_to_target":""},"product_brand":[],"product_cat":[64,63],"product_tag":[],"class_list":{"0":"post-2240","1":"product","2":"type-product","3":"status-publish","4":"has-post-thumbnail","6":"product_cat-marimba","7":"product_cat-percussion","9":"first","10":"instock","11":"taxable","12":"shipping-taxable","13":"purchasable","14":"product-type-simple"},"_links":{"self":[{"href":"https:\/\/www.scherzoeditions.com\/webshop\/wp-json\/wp\/v2\/product\/2240","targetHints":{"allow":["GET"]}}],"collection":[{"href":"https:\/\/www.scherzoeditions.com\/webshop\/wp-json\/wp\/v2\/product"}],"about":[{"href":"https:\/\/www.scherzoeditions.com\/webshop\/wp-json\/wp\/v2\/types\/product"}],"replies":[{"embeddable":true,"href":"https:\/\/www.scherzoeditions.com\/webshop\/wp-json\/wp\/v2\/comments?post=2240"}],"wp:featuredmedia":[{"embeddable":true,"href":"https:\/\/www.scherzoeditions.com\/webshop\/wp-json\/wp\/v2\/media\/2241"}],"wp:attachment":[{"href":"https:\/\/www.scherzoeditions.com\/webshop\/wp-json\/wp\/v2\/media?parent=2240"}],"wp:term":[{"taxonomy":"product_brand","embeddable":true,"href":"https:\/\/www.scherzoeditions.com\/webshop\/wp-json\/wp\/v2\/product_brand?post=2240"},{"taxonomy":"product_cat","embeddable":true,"href":"https:\/\/www.scherzoeditions.com\/webshop\/wp-json\/wp\/v2\/product_cat?post=2240"},{"taxonomy":"product_tag","embeddable":true,"href":"https:\/\/www.scherzoeditions.com\/webshop\/wp-json\/wp\/v2\/product_tag?post=2240"}],"curies":[{"name":"wp","href":"https:\/\/api.w.org\/{rel}","templated":true}]}}