{"id":1704,"date":"2016-12-08T15:30:53","date_gmt":"2016-12-08T15:30:53","guid":{"rendered":"http:\/\/www.scherzoeditions.com\/webshop\/?post_type=product&#038;p=1704"},"modified":"2016-12-08T15:14:39","modified_gmt":"2016-12-08T15:14:39","slug":"singular-mikroduo","status":"publish","type":"product","link":"https:\/\/www.scherzoeditions.com\/webshop\/shop\/singular-mikroduo\/","title":{"rendered":"Singular | MikroDuo"},"content":{"rendered":"<p><strong>Pedro Lu\u00eds<\/strong>\u00a0(classical guitar)<br \/>\n<strong>Miguel Vieira da Silva<\/strong>\u00a0(classical guitar)<\/p>\n<p><div class=\"languageswitcher single switch\" data-language=\"English\"><span class=\"arrow\">&#9658;<\/span><span class=\"language\">English<\/span><\/div>\n<div class=\"languageswitcher text\" data-language=\"English\"><strong>MikroDuo<\/strong><br \/>\nOur project began back in 2004 while having chamber music classes with professor Fernando Fontes in the <em>ESML &#8211; Escola Superior de M\u00fasica de Lisboa<\/em> (Lisbon). In the course of our training as musicians we were fortunate to attend masterclasses with guitarists such as Dejan Ivanovic, Joaquin Clerch, Mihalis Kontaxakis and Pi\u00f1eiro Nagy. During the master course we worked with Ricardo Gall\u00e9n.<br \/>\nSince then, our duo has performed in various countries (Portugal, Switzerland, Spain, Italy, Slovenia, Croatia and Russia) and we have collaborated with different artists, such as the Camerata Lysy, the European Union Chamber Orchestra, the Chamber Orchestra Kremlin and Pi\u00f1eiro Nagy, the latter in a project devoted to transcribing the music of Alb\u00e9niz and Granados. This project led us to play in 2011 and 2012 in the USA, China, Macau, Japan and Czech Republic.<br \/>\nThroughout 12 years of making music together and sharing stages and experiences, our repertoire has varied in genre, atmosphere, origin and even century. When we decided to record this album on our 10th anniversary, nothing seemed to make more sense than to record a repertoire only we had played.<br \/>\nThis music alignment thus became inevitable: an arrangement we made while studying with Maestro Ricardo Gall\u00e9n (&#8220;<em>Suite Bergamasque<\/em>&#8220;); a piece by Jos\u00e9 Peixoto (&#8220;<em>Scan<\/em>&#8220;) which, while not having been written for us, had never been recorded; two pieces written for and dedicated to MikroDuo (&#8220;<em>Mensagem da Noite<\/em>&#8221; by Manuel Dur\u00e3o and &#8220;<em>Suite Tr\u00eas Instantes<\/em>&#8221; by Carlos Gutkin).<br \/>\nThese very different worlds come together through our musical and personal affinities, making this Album a small celebration of our Duo&#8217;s path.<br \/>\nMuch like these last 12 years, this Album was naturally built in a very Singular way.<br \/>\n<strong>Miguel Vieira da Silva<\/strong><br \/>\n.Born 1984, Lisbon<br \/>\n.1994\/2003 \u2013 Basic and secondary music course in the <em>Escola de M\u00fasica Nossa Senhora do Cabo<\/em>, with Paulo Galv\u00e3o and Carlos Gutkin<br \/>\n.2003\/2007 \u2013 Graduate studies in <em>ESML &#8211; Escola Superior de M\u00fasica de Lisboa<\/em>, Lisbon, with Pi\u00f1eiro Nagy<br \/>\n.2007\/2010 \u2013 Masters degree in <em>Universidad de Extremadura<\/em>, C\u00e1ceres, with Ricardo Gall\u00e9n<br \/>\n.Currently teaching in the <em>Escola de M\u00fasica Nossa Senhora do Cabo<\/em><br \/>\n<strong>Pedro Lu\u00eds<\/strong><br \/>\n.Born 1985, Set\u00fabal<br \/>\n.1994\/2003 \u2013 Basic and secondary music course in the <em>Academia de M\u00fasica e Belas Artes Lu\u00edsa Todi<\/em>, with Jo\u00e3o Trindade and Nuno Santos<br \/>\n.2003\/2007 \u2013 Graduate studies in <em>ESML &#8211; Escola Superior de M\u00fasica de Lisboa<\/em>, Lisbon, with Pi\u00f1eiro Nagy<br \/>\n.2007\/2010 \u2013 Master degree in <em>Universidad de Extremadura<\/em>, C\u00e1ceres, with Ricardo Gall\u00e9n<\/div>\n<div class=\"languageswitcher single switch\" data-language=\"Portugu\u00eas\"><span class=\"arrow\">&#9658;<\/span><span class=\"language\">Portugu\u00eas<\/span><\/div>\n<div class=\"languageswitcher text\" data-language=\"Portugu\u00eas\"><strong>MikroDuo<\/strong><br \/>\nO nosso projeto iniciou-se em 2004 nas aulas de m\u00fasica de c\u00e2mara com o professor Fernando Fontes na ESML &#8211; Escola Superior de M\u00fasica de Lisboa. Ao longo da nossa forma\u00e7\u00e3o tivemos a oportunidade de trabalhar, em master-class, com v\u00e1rios guitarristas, tais como o Dejan Ivanovic, Joaquin Clerch, Mihalis Kontaxakis e Pi\u00f1eiro Nagy. Durante o nosso curso de mestrado trabalh\u00e1mos com o guitarrista Ricardo Gall\u00e9n.<br \/>\nDesde ent\u00e3o, o nosso atuou em v\u00e1rios pa\u00edses (Portugal, Sui\u00e7a, Espanha, It\u00e1lia, Eslov\u00e9nia, Cro\u00e1cia e R\u00fassia) e colabor\u00e1mos com diversos artistas e agrupamentos musicais, tais como a Camerata Lysy, a Orquestra de C\u00e2mara da Uni\u00e3o Europeia, a Orquestra de C\u00e2mara de Kremlin e Pi\u00f1eiro Nagy, este \u00faltimo num projeto baseado na transcri\u00e7\u00e3o de obras de Alb\u00e9niz e Granados. Este projeto permitiu-nos atuar, entre 2011 e 2012, nos Estados Unidos da Am\u00e9rica, China, Macau, Jap\u00e3o e Rep\u00fablica Checa.<br \/>\nAo fim de doze anos a fazer m\u00fasica em conjunto e a partilhar palcos e experi\u00eancias, o repert\u00f3rio que abord\u00e1mos variou em estilos, ambientes, origens e s\u00e9culos. Quando decidimos gravar este CD, aquando do nosso 10\u00ba anivers\u00e1rio, nada fazia mais sentido do que gravar repert\u00f3rio que s\u00f3 n\u00f3s tocamos.<br \/>\nSendo assim, o alinhamento tornou-se inevit\u00e1vel. Um arranjo que fizemos enquanto estud\u00e1vamos com o maestro Ricardo Gall\u00e9n (&#8220;<em>Suite Bergamasque<\/em>&#8220;); uma pe\u00e7a do Jos\u00e9 Peixoto (&#8220;<em>Scan<\/em>&#8220;), que embora n\u00e3o tenha sido escrita para n\u00f3s, nunca foi gravada; e duas pe\u00e7as escritas e dedicadas ao MikroDuo (&#8220;<em>Mensagem da Noit<\/em>e&#8221; de Manuel Dur\u00e3o e &#8220;<em>Suite Tr\u00eas Instante<\/em>s&#8221; de Carlos Gutkin).<br \/>\nS\u00e3o mundos bastante distantes, mas que se aproximam pelas nossas afinidades musicais e pessoais, o que torna este CD uma pequena celebra\u00e7\u00e3o do percurso do nosso duo.<br \/>\nO CD construiu-se naturalmente, tal como os \u00faltimos doze anos, de forma Singular.<br \/>\n<strong>Miguel Vieira da Silva<\/strong><br \/>\n.1984, Lisboa<br \/>\n.1994\/2003 \u2013 Cursos b\u00e1sico e secund\u00e1rio de m\u00fasica na Escola de M\u00fasica Nossa Senhora do Cabo, com os professores Paulo Galv\u00e3o e Carlos Gutkin<br \/>\n.2003\/2007 \u2013 Curso de Licenciatura na ESML &#8211; Escola Superior de M\u00fasica de Lisboa, com Pi\u00f1eiro Nagy<br \/>\n.2007\/2010 \u2013 Curso de Mestrado na <em>Universidad de Extremadura<\/em>, C\u00e1ceres, com Ricardo Gall\u00e9n<br \/>\n.Atualmente leciona na Escola de M\u00fasica Nossa Senhora do Cabo<br \/>\n<strong>Pedro Lu\u00eds<\/strong><br \/>\n.1985, Set\u00fabal<br \/>\n.1994\/2003 \u2013 Cursos b\u00e1sico e secund\u00e1rio de m\u00fasica na Academia de M\u00fasica e Belas Artes Lu\u00edsa Todi, com os professores Jo\u00e3o Trindade e Nuno Santos<br \/>\n.2003\/2007 \u2013 Curso de Licenciatura na ESML &#8211; Escola Superior de M\u00fasica de Lisboa, com Pi\u00f1eiro Nagy<br \/>\n.2007\/2010 \u2013 Curso de Mestrado na <em>Universidad de Extremadura<\/em>, C\u00e1ceres, com Ricardo Gall\u00e9n<\/div><\/p>\n<hr align=\"center\" width=\"550\" \/>\n<p><span style=\"font-size: small;\">Scherzo Editions-SE0005CD (2016)<\/span><\/p>\n<p>Recording, Editing and Mixing: <strong>S\u00e9rgio Milhano<\/strong><br \/>\n<em>Pontozurca, Almada &#8211; Portugal<\/em><br \/>\nProduction: <strong>MikroDuo<\/strong><br \/>\nTranslation: <strong>Margarida Silva<\/strong><br \/>\nPhotos: <strong>Rui David<\/strong><br \/>\nArt and Design: <strong>Miguel Ver\u00edssimo<\/strong><\/p>\n<p><strong>Singular<\/strong><\/p>\n<p>01 &#8211; 03 : <strong> Suite Tr\u00eas Instantes<\/strong> (Carlos Gutkin)<br \/>\n&#8230;&#8230;&#8230;01 : <strong> Tango-Morna<\/strong> (3:53)<br \/>\n&#8230;&#8230;&#8230;02 : <strong> Rumbang\u00f3<\/strong> (4:54)<br \/>\n&#8230;&#8230;&#8230;03 : <strong> Aconteceu Um Dia<\/strong> (6:21)<br \/>\n04 : <strong> Mensagem da Noite<\/strong> (Manuel Dur\u00e3o)     (6:38)<br \/>\n05 &#8211; 08 : <strong> Suite Bergamasque<\/strong> (Claude Debussy)<br \/>\n&#8230;&#8230;&#8230;05 : <strong> Pr\u00e9lude<\/strong> (5:08)<br \/>\n&#8230;&#8230;&#8230;06 : <strong> Menuet<\/strong> (4:47)<br \/>\n&#8230;&#8230;&#8230;07 : <strong> Clair de Lune<\/strong> (5:20)<br \/>\n&#8230;&#8230;&#8230;08 : <strong> Passepied<\/strong> (4:06)<br \/>\n09 : <strong> Scan<\/strong> (Jos\u00e9 Peixoto)     (4:29)<\/p>\n<p>Total playing time (45:40)<\/p>\n<p><iframe loading=\"lazy\" src=\"https:\/\/embed.spotify.com\/?uri=spotify:album:2VzY0hYkmVPSrwxlGtLKU4\" width=\"300\" height=\"380\" frameborder=\"0\" allowtransparency=\"true\"><\/iframe><\/p>\n","protected":false},"excerpt":{"rendered":"<p>Pedro Lu\u00eds\u00a0(classical guitar) Miguel Vieira da Silva\u00a0(classical guitar) &#9658;English MikroDuo Our project began back in 2004 while having chamber music classes with professor Fernando Fontes in the ESML &#8211; Escola Superior de M\u00fasica de Lisboa (Lisbon). In the course of our training as musicians we were fortunate to attend masterclasses with guitarists such as Dejan [&hellip;]<\/p>\n","protected":false},"featured_media":1707,"comment_status":"closed","ping_status":"closed","template":"","meta":{"_links_to":"","_links_to_target":""},"product_brand":[],"product_cat":[73],"product_tag":[],"class_list":{"0":"post-1704","1":"product","2":"type-product","3":"status-publish","4":"has-post-thumbnail","6":"product_cat-cdsdvds","8":"first","9":"instock","10":"taxable","11":"shipping-taxable","12":"purchasable","13":"product-type-simple"},"_links":{"self":[{"href":"https:\/\/www.scherzoeditions.com\/webshop\/wp-json\/wp\/v2\/product\/1704","targetHints":{"allow":["GET"]}}],"collection":[{"href":"https:\/\/www.scherzoeditions.com\/webshop\/wp-json\/wp\/v2\/product"}],"about":[{"href":"https:\/\/www.scherzoeditions.com\/webshop\/wp-json\/wp\/v2\/types\/product"}],"replies":[{"embeddable":true,"href":"https:\/\/www.scherzoeditions.com\/webshop\/wp-json\/wp\/v2\/comments?post=1704"}],"wp:featuredmedia":[{"embeddable":true,"href":"https:\/\/www.scherzoeditions.com\/webshop\/wp-json\/wp\/v2\/media\/1707"}],"wp:attachment":[{"href":"https:\/\/www.scherzoeditions.com\/webshop\/wp-json\/wp\/v2\/media?parent=1704"}],"wp:term":[{"taxonomy":"product_brand","embeddable":true,"href":"https:\/\/www.scherzoeditions.com\/webshop\/wp-json\/wp\/v2\/product_brand?post=1704"},{"taxonomy":"product_cat","embeddable":true,"href":"https:\/\/www.scherzoeditions.com\/webshop\/wp-json\/wp\/v2\/product_cat?post=1704"},{"taxonomy":"product_tag","embeddable":true,"href":"https:\/\/www.scherzoeditions.com\/webshop\/wp-json\/wp\/v2\/product_tag?post=1704"}],"curies":[{"name":"wp","href":"https:\/\/api.w.org\/{rel}","templated":true}]}}