{"id":1605,"date":"2016-06-10T13:02:56","date_gmt":"2016-06-10T12:02:56","guid":{"rendered":"http:\/\/www.scherzoeditions.com\/webshop\/?post_type=product&#038;p=1605"},"modified":"2025-03-17T09:33:58","modified_gmt":"2025-03-17T09:33:58","slug":"concertino-for-english-horn-solo-and-double-reed-ensemble-gl-34-piano-reduction-goncalo-lourenco","status":"publish","type":"product","link":"https:\/\/www.scherzoeditions.com\/webshop\/shop\/concertino-for-english-horn-solo-and-double-reed-ensemble-gl-34-piano-reduction-goncalo-lourenco\/","title":{"rendered":"GL 34 Concertino for English Horn solo and Double Reed Ensemble (Piano Reduction)| Gon\u00e7alo d&#8217;Alc\u00e2ntara Louren\u00e7o"},"content":{"rendered":"<h3>Concertino for Ensligh Horn solo and Double Reed Ensemble (Piano Reduction)<\/h3>\n<h3>Duration: ca. 9&#8242;<\/h3>\n<h3>Year: 2014<\/h3>\n<h3>Eng. Horn solo|Piano<\/h3>\n","protected":false},"excerpt":{"rendered":"<p>Concertino for Ensligh Horn solo and Double Reed Ensemble (Piano Reduction) Duration: ca. 9&#8242; Year: 2014 Eng. Horn solo|Piano<\/p>\n","protected":false},"featured_media":1606,"comment_status":"closed","ping_status":"closed","template":"","meta":{"_links_to":"","_links_to_target":""},"product_brand":[],"product_cat":[48,46],"product_tag":[],"class_list":{"0":"post-1605","1":"product","2":"type-product","3":"status-publish","4":"has-post-thumbnail","6":"product_cat-oboe","7":"product_cat-woodwinds","9":"first","10":"instock","11":"taxable","12":"shipping-taxable","13":"purchasable","14":"product-type-simple"},"_links":{"self":[{"href":"https:\/\/www.scherzoeditions.com\/webshop\/wp-json\/wp\/v2\/product\/1605","targetHints":{"allow":["GET"]}}],"collection":[{"href":"https:\/\/www.scherzoeditions.com\/webshop\/wp-json\/wp\/v2\/product"}],"about":[{"href":"https:\/\/www.scherzoeditions.com\/webshop\/wp-json\/wp\/v2\/types\/product"}],"replies":[{"embeddable":true,"href":"https:\/\/www.scherzoeditions.com\/webshop\/wp-json\/wp\/v2\/comments?post=1605"}],"wp:featuredmedia":[{"embeddable":true,"href":"https:\/\/www.scherzoeditions.com\/webshop\/wp-json\/wp\/v2\/media\/1606"}],"wp:attachment":[{"href":"https:\/\/www.scherzoeditions.com\/webshop\/wp-json\/wp\/v2\/media?parent=1605"}],"wp:term":[{"taxonomy":"product_brand","embeddable":true,"href":"https:\/\/www.scherzoeditions.com\/webshop\/wp-json\/wp\/v2\/product_brand?post=1605"},{"taxonomy":"product_cat","embeddable":true,"href":"https:\/\/www.scherzoeditions.com\/webshop\/wp-json\/wp\/v2\/product_cat?post=1605"},{"taxonomy":"product_tag","embeddable":true,"href":"https:\/\/www.scherzoeditions.com\/webshop\/wp-json\/wp\/v2\/product_tag?post=1605"}],"curies":[{"name":"wp","href":"https:\/\/api.w.org\/{rel}","templated":true}]}}