{"id":1485,"date":"2016-02-29T08:30:36","date_gmt":"2016-02-29T08:30:36","guid":{"rendered":"http:\/\/www.scherzoeditions.com\/webshop\/?post_type=product&#038;p=1485"},"modified":"2025-01-11T16:59:26","modified_gmt":"2025-01-11T16:59:26","slug":"japeto-para-fagote-solo-aderito-valente","status":"publish","type":"product","link":"https:\/\/www.scherzoeditions.com\/webshop\/shop\/japeto-para-fagote-solo-aderito-valente\/","title":{"rendered":"J\u00e1peto para Fagote solo | Ad\u00e9rito Valente"},"content":{"rendered":"<h3>J\u00e1peto para Fagote solo<\/h3>\n<h3>Dura\u00e7\u00e3o: ca. 4&#8242;<\/h3>\n<h3>Ano: 2016<\/h3>\n<p>&nbsp;<\/p>\n<h3>J\u00e1peto for Bassoon solo<\/h3>\n<h3>Duration: ca. 4&#8242;<\/h3>\n<h3>Year: 2016<\/h3>\n","protected":false},"excerpt":{"rendered":"<p>J\u00e1peto para Fagote solo Dura\u00e7\u00e3o: ca. 4&#8242; Ano: 2016 &nbsp; J\u00e1peto for Bassoon solo Duration: ca. 4&#8242; Year: 2016<\/p>\n","protected":false},"featured_media":1486,"comment_status":"closed","ping_status":"closed","template":"","meta":{"_links_to":"","_links_to_target":""},"product_brand":[],"product_cat":[92,46],"product_tag":[],"class_list":{"0":"post-1485","1":"product","2":"type-product","3":"status-publish","4":"has-post-thumbnail","6":"product_cat-bassoon","7":"product_cat-woodwinds","9":"first","10":"instock","11":"taxable","12":"shipping-taxable","13":"purchasable","14":"product-type-simple"},"_links":{"self":[{"href":"https:\/\/www.scherzoeditions.com\/webshop\/wp-json\/wp\/v2\/product\/1485","targetHints":{"allow":["GET"]}}],"collection":[{"href":"https:\/\/www.scherzoeditions.com\/webshop\/wp-json\/wp\/v2\/product"}],"about":[{"href":"https:\/\/www.scherzoeditions.com\/webshop\/wp-json\/wp\/v2\/types\/product"}],"replies":[{"embeddable":true,"href":"https:\/\/www.scherzoeditions.com\/webshop\/wp-json\/wp\/v2\/comments?post=1485"}],"wp:featuredmedia":[{"embeddable":true,"href":"https:\/\/www.scherzoeditions.com\/webshop\/wp-json\/wp\/v2\/media\/1486"}],"wp:attachment":[{"href":"https:\/\/www.scherzoeditions.com\/webshop\/wp-json\/wp\/v2\/media?parent=1485"}],"wp:term":[{"taxonomy":"product_brand","embeddable":true,"href":"https:\/\/www.scherzoeditions.com\/webshop\/wp-json\/wp\/v2\/product_brand?post=1485"},{"taxonomy":"product_cat","embeddable":true,"href":"https:\/\/www.scherzoeditions.com\/webshop\/wp-json\/wp\/v2\/product_cat?post=1485"},{"taxonomy":"product_tag","embeddable":true,"href":"https:\/\/www.scherzoeditions.com\/webshop\/wp-json\/wp\/v2\/product_tag?post=1485"}],"curies":[{"name":"wp","href":"https:\/\/api.w.org\/{rel}","templated":true}]}}